{"id":1,"date":"2024-12-05T12:55:59","date_gmt":"2024-12-05T12:55:59","guid":{"rendered":"http:\/\/ifah85.wordpress.com\/?page_id=1"},"modified":"2026-04-13T06:21:19","modified_gmt":"2026-04-13T06:21:19","slug":"leistungen","status":"publish","type":"page","link":"https:\/\/ifah.de\/?page_id=1","title":{"rendered":"Leistungen"},"content":{"rendered":"\n<div class=\"wp-block-group alignfull has-global-padding is-content-justification-center is-layout-constrained wp-container-core-group-is-layout-438686ab wp-block-group-is-layout-constrained\" style=\"margin-top:0;margin-bottom:0;padding-top:var(--wp--preset--spacing--50);padding-bottom:var(--wp--preset--spacing--50)\">\n<h2 class=\"wp-block-heading has-text-align-center has-primary-color has-text-color has-link-color has-mona-sans-font-family wp-elements-873568841d8e63f9a3104578b8b331fb\"><strong>Leistungen<\/strong><\/h2>\n\n\n\n<div style=\"height:9px\" aria-hidden=\"true\" class=\"wp-block-spacer\"><\/div>\n\n\n\n<div class=\"wp-block-group has-mona-sans-font-family has-global-padding is-layout-constrained wp-container-core-group-is-layout-b42d8546 wp-block-group-is-layout-constrained\">\n<p class=\"has-text-align-center has-albert-sans-font-family has-primary-color has-text-color has-link-color wp-elements-05f2dd405c88b2fb13182f289177244d\">Individuelle L\u00f6sungen, die in der Praxis funktionieren \u2013 durchdacht, umsetzbar und passgenau f\u00fcr Ihre Anforderungen. <br><br>Praxisnahe Ingenieurdienstleistungen. <br><strong>Individuell gedacht. L\u00f6sungsorientiert umgesetzt.<\/strong><\/p>\n<\/div>\n<\/div>\n\n\n\n<div class=\"wp-block-group alignfull is-style-default has-mona-sans-font-family has-global-padding is-content-justification-center is-layout-constrained wp-container-core-group-is-layout-03d2f028 wp-block-group-is-layout-constrained\" style=\"margin-top:0;margin-bottom:0;padding-top:var(--wp--preset--spacing--50);padding-bottom:var(--wp--preset--spacing--50)\">\n<div class=\"wp-block-group alignwide is-layout-flow wp-block-group-is-layout-flow\" style=\"margin-top:0;margin-bottom:0\">\n<div class=\"wp-block-group alignwide has-global-padding is-layout-constrained wp-container-core-group-is-layout-346627ba wp-block-group-is-layout-constrained\">\n<div class=\"wp-block-columns alignwide is-layout-flex wp-container-core-columns-is-layout-08c01c1c wp-block-columns-is-layout-flex\">\n<div class=\"wp-block-column is-layout-flow wp-block-column-is-layout-flow\" style=\"flex-basis:32.90938%\">\n<div class=\"wp-block-cover is-light has-custom-content-position is-position-bottom-center has-base-color has-text-color has-link-color wp-elements-f177e8ca17d3036d2246787a3e7fd68d wp-container-content-9cfa9a5a\" style=\"border-radius:28px;padding-top:var(--wp--preset--spacing--60);padding-right:var(--wp--preset--spacing--60);padding-bottom:var(--wp--preset--spacing--60);padding-left:var(--wp--preset--spacing--60);min-height:387px;aspect-ratio:unset;\"><img decoding=\"async\" class=\"wp-block-cover__image-background wp-image-353 size-large\" alt=\"\" src=\"https:\/\/ifah85.wordpress.com\/wp-content\/uploads\/2025\/11\/img_20220223_172819.jpg?w=769\" data-object-fit=\"cover\"\/><span aria-hidden=\"true\" class=\"wp-block-cover__background has-background-dim-0 has-background-dim has-background-gradient\" style=\"background-color:#888c90;background:linear-gradient(180deg,rgba(0,0,0,0) 0%,rgb(0,0,0) 76%)\"><\/span><div class=\"wp-block-cover__inner-container is-layout-flow wp-block-cover-is-layout-flow\">\n<div style=\"height:340px\" aria-hidden=\"true\" class=\"wp-block-spacer\"><\/div>\n<\/div><\/div>\n<\/div>\n\n\n\n<div class=\"wp-block-column is-layout-flow wp-container-core-column-is-layout-119bc444 wp-block-column-is-layout-flow\" style=\"flex-basis:67.09062%\">\n<div class=\"wp-block-group has-base-color has-primary-background-color has-text-color has-background has-link-color wp-elements-933647839c57ac55f04f75a52ec30edb is-vertical is-layout-flex wp-container-core-group-is-layout-80882bac wp-block-group-is-layout-flex\" style=\"border-radius:28px;padding-top:var(--wp--preset--spacing--60);padding-right:var(--wp--preset--spacing--60);padding-bottom:var(--wp--preset--spacing--60);padding-left:var(--wp--preset--spacing--60)\">\n<h2 class=\"wp-block-heading has-mona-sans-font-family has-x-large-font-size\">Sie suchen einen zuverl\u00e4ssigen Partner f\u00fcr Ihre Projekte?<\/h2>\n\n\n\n<p class=\"has-mona-sans-font-family\">Mit fast 40 Jahren einschl\u00e4giger Erfahrung und einem kompetenten Expertenteam stehen wir Ihnen als zuverl\u00e4ssiger Partner f\u00fcr Ihre Projekte zur Seite!<\/p>\n<\/div>\n\n\n\n<div class=\"wp-block-columns is-layout-flex wp-container-core-columns-is-layout-08c01c1c wp-block-columns-is-layout-flex\">\n<div class=\"wp-block-column is-layout-flow wp-block-column-is-layout-flow\"><\/div>\n\n\n\n<div class=\"wp-block-column is-layout-flow wp-block-column-is-layout-flow\"><\/div>\n<\/div>\n<\/div>\n<\/div>\n\n\n\n<div class=\"wp-block-columns alignwide is-layout-flex wp-container-core-columns-is-layout-08c01c1c wp-block-columns-is-layout-flex\">\n<div class=\"wp-block-column is-layout-flow wp-block-column-is-layout-flow\"><\/div>\n<\/div>\n<\/div>\n\n\n\n<div class=\"wp-block-group alignwide is-layout-flow wp-block-group-is-layout-flow\">\n<div style=\"height:20px\" aria-hidden=\"true\" class=\"wp-block-spacer\"><\/div>\n\n\n\n<h2 class=\"wp-block-heading has-text-align-center has-primary-color has-text-color has-link-color has-mona-sans-font-family has-xx-large-font-size wp-elements-06751659d0acfa5f98ab30ae97fad819\"><strong>Unsere Leistungen<\/strong> im Detail<\/h2>\n\n\n\n<hr class=\"wp-block-separator has-alpha-channel-opacity is-style-dots\"\/>\n\n\n\n<p class=\"has-text-align-left has-albert-sans-font-family\">Wir sind beratend, steuernd, planend und \u00fcberwachend f\u00fcr Untersuchungs-, Sanierungs-, Bau- und Kampfmittelr\u00e4umma\u00dfnahmen t\u00e4tig.<br>Im Rahmen unserer Schwerpunkte Altlastenbearbeitung, Deponiebau und -\u00fcberwachung, Hydrogeologie und Kampfmittelr\u00e4umung stehen wir Ihnen mit Folgenden Gutachter- und Planungsleistungen zur Seite:<\/p>\n\n\n\n<ul class=\"wp-block-list\">\n<li class=\"has-albert-sans-font-family\">Beratung zur Kl\u00e4rung, Definition und Formulierung von Aufgabenstellung und Zielvorgaben<\/li>\n\n\n\n<li class=\"has-albert-sans-font-family\">Konzeption von Untersuchungsma\u00dfnahmen<\/li>\n\n\n\n<li class=\"has-albert-sans-font-family\">Fach- und Projektplanung<\/li>\n\n\n\n<li class=\"has-albert-sans-font-family\">Projektmanagement und -steuerung<\/li>\n\n\n\n<li class=\"has-albert-sans-font-family\">Gef\u00e4hrdungsabsch\u00e4tzung und Gefahrenbeurteilung<\/li>\n\n\n\n<li class=\"has-albert-sans-font-family\">Erstellung von Gutachten und Fachbeitr\u00e4gen<\/li>\n\n\n\n<li class=\"has-albert-sans-font-family\">Machbarkeits- und Wirtschaftlichkeitsuntersuchungen<\/li>\n\n\n\n<li class=\"has-albert-sans-font-family\">Erarbeitung von Arbeitsschutz- und Sicherheitskonzepten<\/li>\n\n\n\n<li class=\"has-albert-sans-font-family\">Genehmigungsantr\u00e4ge und -management<\/li>\n\n\n\n<li class=\"has-albert-sans-font-family\">Ausschreibung und Vergabe<\/li>\n\n\n\n<li class=\"has-albert-sans-font-family\">Fachgutachterliche Baubegleitung und \u00f6rtliche Bau\u00fcberwachung<\/li>\n\n\n\n<li class=\"has-albert-sans-font-family\">Dokumentation und fachgutachterliche Bewertung der Untersuchungsergebnisse<\/li>\n<\/ul>\n\n\n\n<p class=\"has-albert-sans-font-family\">Mit unseren vielf\u00e4ltigen und umfangreichen Erfahrungen bei der Erkundung und Beurteilung von umwelt- und\/oder sicherheitsrelevanten Sachverhalten arbeiten wir stets nach der Ma\u00dfgabe einer zielgerichteten und abschlie\u00dfenden Bearbeitung.<\/p>\n\n\n\n<div class=\"wp-block-columns alignwide is-layout-flex wp-container-core-columns-is-layout-3971d7d7 wp-block-columns-is-layout-flex\">\n<div class=\"wp-block-column is-layout-flow wp-block-column-is-layout-flow\"><\/div>\n<\/div>\n<\/div>\n<\/div>\n<\/div>\n\n\n\n<div class=\"wp-block-group alignfull is-style-section-2 has-base-background-color has-background has-mona-sans-font-family has-global-padding is-content-justification-center is-layout-constrained wp-container-core-group-is-layout-03d2f028 wp-block-group-is-layout-constrained\" style=\"margin-top:0;margin-bottom:0;padding-top:var(--wp--preset--spacing--50);padding-bottom:var(--wp--preset--spacing--50)\">\n<div class=\"wp-block-columns alignwide are-vertically-aligned-center has-base-background-color has-background is-layout-flex wp-container-core-columns-is-layout-30cd009e wp-block-columns-is-layout-flex\">\n<div class=\"wp-block-column is-vertically-aligned-center is-layout-flow wp-block-column-is-layout-flow\">\n<figure class=\"wp-block-image size-full has-custom-border is-style-default\"><img decoding=\"async\" src=\"https:\/\/ifah85.wordpress.com\/wp-content\/uploads\/2025\/11\/img_20220131_120712-edited-1.jpg\" alt=\"\" class=\"wp-image-277\" style=\"border-style:none;border-width:0px;aspect-ratio:1;object-fit:cover\"\/><\/figure>\n<\/div>\n\n\n\n<div class=\"wp-block-column is-vertically-aligned-center is-layout-flow wp-block-column-is-layout-flow\">\n<h2 class=\"wp-block-heading alignwide has-primary-color has-text-color has-link-color has-albert-sans-font-family wp-elements-99195e7422dfff2fe8a7998f4a964284\" style=\"margin-right:var(--wp--preset--spacing--40);margin-left:var(--wp--preset--spacing--40)\"><strong>Kampfmittelr\u00e4umung<\/strong><\/h2>\n\n\n\n<ul class=\"wp-block-list\">\n<li class=\"has-albert-sans-font-family\">Konzeption, Auswertung und Bewertung technischer Erkundungen (gem\u00e4\u00df Phase B)<\/li>\n\n\n\n<li class=\"has-albert-sans-font-family\">Entwicklung und Erstellung von R\u00e4umkonzepten, R\u00e4umplanungen (Phase C)<\/li>\n\n\n\n<li class=\"has-albert-sans-font-family\">Fachgutachterliche Begleitung und Begutachtung von R\u00e4umma\u00dfnahmen (\u00d6B\u00dc)<\/li>\n<\/ul>\n\n\n\n<div class=\"wp-block-buttons is-layout-flex wp-block-buttons-is-layout-flex\" style=\"padding-right:var(--wp--preset--spacing--40);padding-left:var(--wp--preset--spacing--40)\">\n<div class=\"wp-block-button\"><a class=\"wp-block-button__link has-albert-sans-font-family wp-element-button\" href=\"https:\/\/ifah.de\/?page_id=294\">Mehr erfahren<\/a><\/div>\n<\/div>\n<\/div>\n<\/div>\n<\/div>\n\n\n\n<div class=\"wp-block-group alignfull has-background has-global-padding is-content-justification-center is-layout-constrained wp-block-group-is-layout-constrained\" style=\"background-color:#f4f4f4;margin-top:0;margin-bottom:0;padding-top:var(--wp--preset--spacing--40);padding-bottom:var(--wp--preset--spacing--40)\">\n<div class=\"wp-block-columns alignwide is-layout-flex wp-container-core-columns-is-layout-28f84493 wp-block-columns-is-layout-flex\">\n<div class=\"wp-block-column is-vertically-aligned-center has-global-padding is-content-justification-left is-layout-constrained wp-container-core-column-is-layout-614074b5 wp-block-column-is-layout-constrained\">\n<h2 class=\"wp-block-heading has-primary-color has-text-color has-link-color has-mona-sans-font-family wp-elements-8e4f74a747f3e51adcc50e5fbe5d7090\" style=\"padding-right:var(--wp--preset--spacing--40);padding-left:var(--wp--preset--spacing--40)\"><strong>Altlastenbearbeitungen und R\u00fcckbau<\/strong><\/h2>\n\n\n\n<ul class=\"wp-block-list\">\n<li class=\"has-arimo-font-family\">Historische Recherche<\/li>\n\n\n\n<li class=\"has-arimo-font-family\">Konzeption von orientierenden und Detailuntersuchungen<\/li>\n\n\n\n<li class=\"has-arimo-font-family\">Gef\u00e4hrdungsabsch\u00e4tzung<\/li>\n\n\n\n<li class=\"has-arimo-font-family\">fachgutachterliche Bewertung der Untersuchungsergebnisse<\/li>\n<\/ul>\n\n\n\n<div class=\"wp-block-buttons is-layout-flex wp-block-buttons-is-layout-flex\">\n<div class=\"wp-block-button\"><a class=\"wp-block-button__link has-arimo-font-family wp-element-button\" href=\"https:\/\/ifah.de\/?page_id=284\" style=\"padding-right:var(--wp--preset--spacing--40);padding-left:var(--wp--preset--spacing--40)\">Mehr erfahren<\/a><\/div>\n<\/div>\n<\/div>\n\n\n\n<div class=\"wp-block-column is-vertically-aligned-bottom is-layout-flow wp-block-column-is-layout-flow\">\n<figure class=\"wp-block-image size-full\"><img decoding=\"async\" src=\"https:\/\/ifah85.wordpress.com\/wp-content\/uploads\/2025\/11\/564_zd-bassum-b3_awg.jpg\" alt=\"\" class=\"wp-image-260\" style=\"aspect-ratio:1;object-fit:cover\"\/><\/figure>\n<\/div>\n<\/div>\n<\/div>\n\n\n\n<div class=\"wp-block-group alignfull is-style-section-2 has-global-padding is-content-justification-center is-layout-constrained wp-block-group-is-layout-constrained\" style=\"margin-top:0;margin-bottom:0;padding-top:var(--wp--preset--spacing--40);padding-bottom:var(--wp--preset--spacing--40)\">\n<div class=\"wp-block-columns alignwide are-vertically-aligned-center is-layout-flex wp-container-core-columns-is-layout-30cd009e wp-block-columns-is-layout-flex\">\n<div class=\"wp-block-column is-vertically-aligned-center is-layout-flow wp-block-column-is-layout-flow\">\n<figure class=\"wp-block-image size-full has-custom-border\"><img decoding=\"async\" src=\"https:\/\/ifah85.wordpress.com\/wp-content\/uploads\/2025\/11\/knapsack-tonbandeinschnitt_ris-1.jpg\" alt=\"\" class=\"wp-image-340\" style=\"border-style:none;border-width:0px;border-radius:0px;aspect-ratio:1;object-fit:cover\"\/><\/figure>\n<\/div>\n\n\n\n<div class=\"wp-block-column is-vertically-aligned-center is-layout-flow wp-block-column-is-layout-flow\">\n<h2 class=\"wp-block-heading alignwide has-primary-color has-text-color has-link-color has-mona-sans-font-family wp-elements-68dbd1f4eb8f1d655883c0183abd9316\" style=\"padding-right:var(--wp--preset--spacing--40);padding-left:var(--wp--preset--spacing--40)\"><strong>Deponiebau und \u00dcberwachung<\/strong><\/h2>\n\n\n\n<ul class=\"wp-block-list\">\n<li class=\"has-arimo-font-family\">Konzeption von Untersuchungsma\u00dfnahmen<\/li>\n\n\n\n<li class=\"has-arimo-font-family\">Technische Planungen f\u00fcr Deponieneubau bzw. -erweiterung<\/li>\n\n\n\n<li class=\"has-arimo-font-family\">Fachplanung und Durchf\u00fchrung bzw. Begleitung von Nachsorgema\u00dfnahmen<\/li>\n\n\n\n<li class=\"has-arimo-font-family\">Erstellen von Deponiejahresberichten<\/li>\n<\/ul>\n\n\n\n<div class=\"wp-block-buttons is-layout-flex wp-block-buttons-is-layout-flex\" style=\"padding-right:var(--wp--preset--spacing--40);padding-left:var(--wp--preset--spacing--40)\">\n<div class=\"wp-block-button\"><a class=\"wp-block-button__link has-arimo-font-family wp-element-button\" href=\"https:\/\/ifah.de\/?page_id=290\">Mehr erfahren<\/a><\/div>\n<\/div>\n<\/div>\n<\/div>\n\n\n\n<div style=\"height:0px\" aria-hidden=\"true\" class=\"wp-block-spacer\"><\/div>\n<\/div>\n\n\n\n<div class=\"wp-block-group alignfull has-background has-global-padding is-content-justification-center is-layout-constrained wp-block-group-is-layout-constrained\" style=\"background-color:#f4f4f4;margin-top:0;margin-bottom:0;padding-top:var(--wp--preset--spacing--40);padding-bottom:var(--wp--preset--spacing--40)\">\n<div class=\"wp-block-columns alignwide is-layout-flex wp-container-core-columns-is-layout-28f84493 wp-block-columns-is-layout-flex\">\n<div class=\"wp-block-column is-vertically-aligned-center has-global-padding is-content-justification-left is-layout-constrained wp-container-core-column-is-layout-614074b5 wp-block-column-is-layout-constrained\">\n<h2 class=\"wp-block-heading has-primary-color has-text-color has-link-color has-mona-sans-font-family wp-elements-3e9a75481284c8e180834640b6850af1\" style=\"padding-right:var(--wp--preset--spacing--40);padding-left:var(--wp--preset--spacing--40)\"><strong>Hydrogeologie<\/strong><\/h2>\n\n\n\n<ul class=\"wp-block-list\">\n<li class=\"has-arimo-font-family\">Planung, Begleitung und Auswertung von Boden- und Grundwassermonitoring<\/li>\n\n\n\n<li class=\"has-arimo-font-family\">Bemessung von Bauwasserhaltungen und Wasserhaltungsanlagen<\/li>\n\n\n\n<li class=\"has-arimo-font-family\">Unterst\u00fctzung bei wasserrechtlichen Genehmigungsverfahren<\/li>\n\n\n\n<li class=\"has-arimo-font-family\">Hydrogeologische Fachbaubegleitung<\/li>\n<\/ul>\n\n\n\n<div class=\"wp-block-buttons is-layout-flex wp-block-buttons-is-layout-flex\">\n<div class=\"wp-block-button\"><a class=\"wp-block-button__link has-arimo-font-family wp-element-button\" href=\"https:\/\/ifah.de\/?page_id=292\" style=\"padding-right:var(--wp--preset--spacing--40);padding-left:var(--wp--preset--spacing--40)\">Mehr erfahren<\/a><\/div>\n<\/div>\n<\/div>\n\n\n\n<div class=\"wp-block-column is-vertically-aligned-bottom is-layout-flow wp-block-column-is-layout-flow\">\n<figure class=\"wp-block-image size-full\"><img decoding=\"async\" src=\"https:\/\/ifah85.wordpress.com\/wp-content\/uploads\/2025\/11\/gw-probenahme-edited.jpeg\" alt=\"\" class=\"wp-image-274\" style=\"aspect-ratio:1;object-fit:cover\"\/><\/figure>\n<\/div>\n<\/div>\n<\/div>\n\n\n\n<div class=\"wp-block-group alignfull is-style-section-2 has-global-padding is-content-justification-center is-layout-constrained wp-block-group-is-layout-constrained\" style=\"margin-top:0;margin-bottom:0;padding-top:var(--wp--preset--spacing--40);padding-bottom:var(--wp--preset--spacing--40)\">\n<div class=\"wp-block-columns alignwide are-vertically-aligned-center is-layout-flex wp-container-core-columns-is-layout-30cd009e wp-block-columns-is-layout-flex\">\n<div class=\"wp-block-column is-vertically-aligned-center is-layout-flow wp-block-column-is-layout-flow\">\n<figure class=\"wp-block-image size-full has-custom-border\"><img decoding=\"async\" src=\"https:\/\/ifah85.wordpress.com\/wp-content\/uploads\/2025\/12\/img_3978.jpg\" alt=\"\" class=\"wp-image-414\" style=\"border-style:none;border-width:0px;border-radius:0px;aspect-ratio:1;object-fit:cover\"\/><\/figure>\n<\/div>\n\n\n\n<div class=\"wp-block-column is-vertically-aligned-center is-layout-flow wp-block-column-is-layout-flow\">\n<h2 class=\"wp-block-heading alignwide has-primary-color has-text-color has-link-color has-mona-sans-font-family wp-elements-f11c55e6f56316e1a9f3df6cd6f4617f\" style=\"padding-right:var(--wp--preset--spacing--40);padding-left:var(--wp--preset--spacing--40)\"><strong>Weitere Planungs- und Gutachterleistungen<\/strong><\/h2>\n\n\n\n<p class=\"has-arimo-font-family\" style=\"margin-right:var(--wp--preset--spacing--40);margin-left:var(--wp--preset--spacing--40)\">Vertrauen ist gut, Kontrolle ist besser \u2013\u202fauf Basis einer partnerschaftlichen Zusammenarbeit aller Projektbeteiligten. Unter diesem Leitgedanken \u00fcbernehmen wir die \u00f6rtliche Bau\u00fcberwachung und Fachbauleitung und sorgen f\u00fcr die sichere Umsetzung komplexer Bauvorhaben. Dazu geh\u00f6ren auch unsere Sicherheits &#8211; und Gesundheitsschutzkonzepte nach BaustellV.<\/p>\n\n\n\n<div class=\"wp-block-buttons is-layout-flex wp-block-buttons-is-layout-flex\" style=\"padding-right:var(--wp--preset--spacing--40);padding-left:var(--wp--preset--spacing--40)\">\n<div class=\"wp-block-button\"><a class=\"wp-block-button__link has-arimo-font-family wp-element-button\" href=\"https:\/\/ifah.de\/?page_id=296\">Mehr erfahren<\/a><\/div>\n<\/div>\n<\/div>\n<\/div>\n\n\n\n<div style=\"height:64px\" aria-hidden=\"true\" class=\"wp-block-spacer\"><\/div>\n<\/div>\n\n\n\n<div style=\"height:20px\" aria-hidden=\"true\" class=\"wp-block-spacer\"><\/div>\n\n\n\n<div class=\"wp-block-group alignfull is-style-default has-global-padding is-content-justification-center is-layout-constrained wp-container-core-group-is-layout-03d2f028 wp-block-group-is-layout-constrained\" style=\"margin-top:0;margin-bottom:0;padding-top:var(--wp--preset--spacing--50);padding-bottom:var(--wp--preset--spacing--50)\">\n<div class=\"wp-block-group alignwide is-layout-flow wp-block-group-is-layout-flow\" style=\"margin-top:0;margin-bottom:0\">\n<div class=\"wp-block-group alignwide has-global-padding is-layout-constrained wp-container-core-group-is-layout-346627ba wp-block-group-is-layout-constrained\">\n<div class=\"wp-block-columns alignwide is-layout-flex wp-container-core-columns-is-layout-08c01c1c wp-block-columns-is-layout-flex\">\n<div class=\"wp-block-column is-layout-flow wp-block-column-is-layout-flow\" style=\"flex-basis:32.90938%\">\n<div class=\"wp-block-cover has-custom-content-position is-position-bottom-center has-base-color has-text-color has-link-color wp-elements-2575a4faf52a082cc5e339cd28e41b6a wp-container-content-9cfa9a5a\" style=\"border-radius:28px;padding-top:var(--wp--preset--spacing--60);padding-right:var(--wp--preset--spacing--60);padding-bottom:var(--wp--preset--spacing--60);padding-left:var(--wp--preset--spacing--60);min-height:387px;aspect-ratio:unset;\"><img decoding=\"async\" class=\"wp-block-cover__image-background wp-image-227 size-full\" alt=\"\" src=\"https:\/\/ifah85.wordpress.com\/wp-content\/uploads\/2025\/04\/img_0060-e1745921608125.jpg\" data-object-fit=\"cover\"\/><span aria-hidden=\"true\" class=\"wp-block-cover__background has-background-dim-0 has-background-dim has-background-gradient\" style=\"background-color:#46493c;background:linear-gradient(180deg,rgba(0,0,0,0) 0%,rgb(0,0,0) 76%)\"><\/span><div class=\"wp-block-cover__inner-container is-layout-flow wp-block-cover-is-layout-flow\">\n<div style=\"height:340px\" aria-hidden=\"true\" class=\"wp-block-spacer\"><\/div>\n<\/div><\/div>\n<\/div>\n\n\n\n<div class=\"wp-block-column is-layout-flow wp-container-core-column-is-layout-119bc444 wp-block-column-is-layout-flow\" style=\"flex-basis:67.09062%\">\n<div class=\"wp-block-group has-base-color has-primary-background-color has-text-color has-background has-link-color wp-elements-f870d568da84e90e255a2b077e38cf5b is-vertical is-layout-flex wp-container-core-group-is-layout-80882bac wp-block-group-is-layout-flex\" style=\"border-radius:28px;padding-top:var(--wp--preset--spacing--60);padding-right:var(--wp--preset--spacing--60);padding-bottom:var(--wp--preset--spacing--60);padding-left:var(--wp--preset--spacing--60)\">\n<h2 class=\"wp-block-heading has-mona-sans-font-family has-x-large-font-size\">Sie haben Fragen?<\/h2>\n\n\n\n<p class=\"has-mona-sans-font-family\">Unser Expertenteam steht Ihnen gerne beratend zur Seite.<br>\u00dcber unser Kontaktformular oder per Mail sowie telefonisch k\u00f6nnen Sie uns w\u00e4hrend unserer Gesch\u00e4ftszeiten erreichen.<\/p>\n\n\n\n<div class=\"wp-block-buttons is-layout-flex wp-block-buttons-is-layout-flex\">\n<div class=\"wp-block-button is-style-outline is-style-outline--1\"><a class=\"wp-block-button__link has-base-color has-text-color has-link-color has-border-color has-base-border-color has-mona-sans-font-family wp-element-button\" href=\"http:\/\/www.ifah.de\/#kontaktformular\" style=\"border-width:2px\">Kontakt aufnehmen<\/a><\/div>\n<\/div>\n<\/div>\n\n\n\n<div class=\"wp-block-columns is-layout-flex wp-container-core-columns-is-layout-08c01c1c wp-block-columns-is-layout-flex\">\n<div class=\"wp-block-column is-layout-flow wp-block-column-is-layout-flow\"><\/div>\n\n\n\n<div class=\"wp-block-column is-layout-flow wp-block-column-is-layout-flow\"><\/div>\n<\/div>\n<\/div>\n<\/div>\n<\/div>\n\n\n\n<div class=\"wp-block-group alignwide is-layout-flow wp-block-group-is-layout-flow\">\n<div style=\"height:20px\" aria-hidden=\"true\" class=\"wp-block-spacer\"><\/div>\n\n\n\n<hr class=\"wp-block-separator has-alpha-channel-opacity is-style-dots\"\/>\n\n\n\n<div class=\"wp-block-columns alignwide is-layout-flex wp-container-core-columns-is-layout-3971d7d7 wp-block-columns-is-layout-flex\">\n<div class=\"wp-block-column is-layout-flow wp-container-core-column-is-layout-8a368f38 wp-block-column-is-layout-flow\"><\/div>\n\n\n\n<div class=\"wp-block-column is-layout-flow wp-container-core-column-is-layout-8a368f38 wp-block-column-is-layout-flow\"><\/div>\n\n\n\n<div class=\"wp-block-column is-layout-flow wp-container-core-column-is-layout-8a368f38 wp-block-column-is-layout-flow\"><\/div>\n<\/div>\n<\/div>\n<\/div>\n<\/div>\n\n\n\n<p><\/p>\n","protected":false},"excerpt":{"rendered":"<p>Leistungen Individuelle L\u00f6sungen, die in der Praxis funktionieren \u2013 durchdacht, umsetzbar und passgenau f\u00fcr Ihre Anforderungen. Praxisnahe Ingenieurdienstleistungen. Individuell gedacht. L\u00f6sungsorientiert umgesetzt. Sie suchen einen zuverl\u00e4ssigen Partner f\u00fcr Ihre Projekte? Mit fast 40 Jahren einschl\u00e4giger Erfahrung und einem kompetenten Expertenteam stehen wir Ihnen als zuverl\u00e4ssiger Partner f\u00fcr Ihre Projekte zur Seite! Unsere Leistungen im Detail [&hellip;]<\/p>\n","protected":false},"author":2,"featured_media":0,"parent":0,"menu_order":0,"comment_status":"closed","ping_status":"open","template":"","meta":{"footnotes":""},"class_list":["post-1","page","type-page","status-publish","hentry"],"_links":{"self":[{"href":"https:\/\/ifah.de\/index.php?rest_route=\/wp\/v2\/pages\/1","targetHints":{"allow":["GET"]}}],"collection":[{"href":"https:\/\/ifah.de\/index.php?rest_route=\/wp\/v2\/pages"}],"about":[{"href":"https:\/\/ifah.de\/index.php?rest_route=\/wp\/v2\/types\/page"}],"author":[{"embeddable":true,"href":"https:\/\/ifah.de\/index.php?rest_route=\/wp\/v2\/users\/2"}],"replies":[{"embeddable":true,"href":"https:\/\/ifah.de\/index.php?rest_route=%2Fwp%2Fv2%2Fcomments&post=1"}],"version-history":[{"count":8,"href":"https:\/\/ifah.de\/index.php?rest_route=\/wp\/v2\/pages\/1\/revisions"}],"predecessor-version":[{"id":524,"href":"https:\/\/ifah.de\/index.php?rest_route=\/wp\/v2\/pages\/1\/revisions\/524"}],"wp:attachment":[{"href":"https:\/\/ifah.de\/index.php?rest_route=%2Fwp%2Fv2%2Fmedia&parent=1"}],"curies":[{"name":"wp","href":"https:\/\/api.w.org\/{rel}","templated":true}]}}