{"id":230,"date":"2025-12-18T16:20:15","date_gmt":"2025-12-18T15:20:15","guid":{"rendered":"https:\/\/ifah85.wordpress.com\/?page_id=230"},"modified":"2026-04-13T13:32:27","modified_gmt":"2026-04-13T13:32:27","slug":"gutachter","status":"publish","type":"page","link":"https:\/\/ifah.de\/?page_id=230","title":{"rendered":"Gutachter"},"content":{"rendered":"\n<h2 class=\"wp-block-heading has-mona-sans-font-family\" style=\"font-size:clamp(17.905px, 1.119rem + ((1vw - 3.2px) * 1.058), 28px);\"><strong>Gutachter\/in (m\/w\/d) in <strong>Voll- oder Teilzeit<\/strong><\/strong><br>im Bereich Deponie, Altlasten und Hydrogeologie<\/h2>\n\n\n\n<p class=\"has-mona-sans-font-family\" style=\"border-top-left-radius:0px;border-top-right-radius:0px;border-bottom-left-radius:0px;border-bottom-right-radius:0px;margin-right:0;margin-left:0;padding-right:0;padding-left:0\">Als etabliertes Unternehmen in der Region suchen wir  engagierte Mitarbeitende, die unser Team mit dem erforderlichen Interesse f\u00fcr Planung, Koordinierung und bautechnische Begleitung in Projekten mit geologischen und hydrogeologischen Fragestellungen verst\u00e4rken und nach M\u00f6glichkeit schon einschl\u00e4gige Berufserfahrung mitbringen.<\/p>\n\n\n\n<hr class=\"wp-block-separator has-alpha-channel-opacity\"\/>\n\n\n\n<h2 class=\"wp-block-heading has-mona-sans-font-family\">Ihre Aufgaben bei uns<\/h2>\n\n\n\n<div style=\"height:0px\" aria-hidden=\"true\" class=\"wp-block-spacer\"><\/div>\n\n\n\n<ul class=\"wp-block-list\">\n<li class=\"has-mona-sans-font-family\">Unterst\u00fctzung bei der Erstellung von Berichten und Gutachten in den Bereichen Deponie\u00fcberwachung, Altlasten, Hydrogeologie<\/li>\n\n\n\n<li class=\"has-mona-sans-font-family\">Konzeption, Begleitung und Steuerung von Erkundungsarbeiten<\/li>\n\n\n\n<li class=\"has-mona-sans-font-family\">Gel\u00e4ndearbeiten wie Probenahmen und Stichtagsmessungen<\/li>\n\n\n\n<li class=\"has-mona-sans-font-family\" style=\"margin-right:0;margin-left:0\">Dokumentation, Verarbeitung und Bewertung von Messergebnissen<\/li>\n\n\n\n<li class=\"has-mona-sans-font-family\">(Baustellen-) Termine zur Planung, Koordination und Bau\u00fcberwachung<\/li>\n<\/ul>\n\n\n\n<h2 class=\"wp-block-heading has-mona-sans-font-family\">Ihr Profil<\/h2>\n\n\n\n<ul class=\"wp-block-list\">\n<li class=\"has-mona-sans-font-family\" style=\"margin-left:0\">Natur-\/Ingenieurwissenschaftlicher Background (z.B. Bau-, Umweltingenieurswesen, Geo-, Landschaftswissenschaften, min. B.Sc. oder vergleichbare Qualifikation)<\/li>\n\n\n\n<li class=\"has-mona-sans-font-family\">Sicherer Umgang mit den MS-Office-Produkten<\/li>\n\n\n\n<li class=\"has-mona-sans-font-family\">Strukturierte, selbstst\u00e4ndige und nachvollziehbare Arbeitsweise<\/li>\n\n\n\n<li class=\"has-mona-sans-font-family\">Gute Ausdrucksweise in Wort und Schrift<\/li>\n\n\n\n<li class=\"has-mona-sans-font-family\">F\u00fchrerschein Klasse B<\/li>\n\n\n\n<li class=\"has-mona-sans-font-family\">GIS- (QGIS) und\/oder CAD- (AutoCAD Civil 3D) Kenntnisse w\u00fcnschenswert<\/li>\n<\/ul>\n\n\n\n<h2 class=\"wp-block-heading has-mona-sans-font-family\">Das bieten wir Ihnen<\/h2>\n\n\n\n<ul class=\"wp-block-list\">\n<li class=\"has-mona-sans-font-family\">Ein unbefristetes Arbeitsverh\u00e4ltnis mit eigenem B\u00fcro<\/li>\n\n\n\n<li class=\"has-mona-sans-font-family\">Betriebliche Zusatzkrankenversicherung<\/li>\n\n\n\n<li class=\"has-mona-sans-font-family\">Eine verantwortungsvolle und abwechslungsreiche T\u00e4tigkeit in einem kompetenten und engagierten Team<\/li>\n\n\n\n<li class=\"has-mona-sans-font-family\">Individuelle Weiterbildungsm\u00f6glichkeiten und Unterst\u00fctzung bei der Einarbeitung in begleitende Fachgebiete (z.B. Bergrecht, Umweltrecht, Arbeitssicherheit)<\/li>\n\n\n\n<li class=\"has-mona-sans-font-family\">Umweltfreundliche Mobilit\u00e4t \u00fcber Jobrad-Leasing<\/li>\n\n\n\n<li class=\"has-mona-sans-font-family\">Flache Hierarchien und Arbeitszeiten nach Gleitzeitregelung<\/li>\n<\/ul>\n\n\n\n<hr class=\"wp-block-separator has-alpha-channel-opacity\"\/>\n\n\n\n<p class=\"has-mona-sans-font-family\">Bewerbungen nimmt Herr Mads Andresen gerne mit Lebenslauf, Zeugnissen, Arbeitsbeginn und Gehaltsvorstellungen per E-Mail an&nbsp;office@ifah.de entgegen.<\/p>\n\n\n\n<p class=\"has-mona-sans-font-family\">Wir freuen uns darauf, Sie kennenzulernen!<\/p>\n","protected":false},"excerpt":{"rendered":"<p>Gutachter\/in (m\/w\/d) in Voll- oder Teilzeitim Bereich Deponie, Altlasten und Hydrogeologie Als etabliertes Unternehmen in der Region suchen wir engagierte Mitarbeitende, die unser Team mit dem erforderlichen Interesse f\u00fcr Planung, Koordinierung und bautechnische Begleitung in Projekten mit geologischen und hydrogeologischen Fragestellungen verst\u00e4rken und nach M\u00f6glichkeit schon einschl\u00e4gige Berufserfahrung mitbringen. Ihre Aufgaben bei uns Ihr Profil [&hellip;]<\/p>\n","protected":false},"author":2,"featured_media":0,"parent":0,"menu_order":0,"comment_status":"closed","ping_status":"closed","template":"","meta":{"footnotes":""},"class_list":["post-230","page","type-page","status-publish","hentry"],"_links":{"self":[{"href":"https:\/\/ifah.de\/index.php?rest_route=\/wp\/v2\/pages\/230","targetHints":{"allow":["GET"]}}],"collection":[{"href":"https:\/\/ifah.de\/index.php?rest_route=\/wp\/v2\/pages"}],"about":[{"href":"https:\/\/ifah.de\/index.php?rest_route=\/wp\/v2\/types\/page"}],"author":[{"embeddable":true,"href":"https:\/\/ifah.de\/index.php?rest_route=\/wp\/v2\/users\/2"}],"replies":[{"embeddable":true,"href":"https:\/\/ifah.de\/index.php?rest_route=%2Fwp%2Fv2%2Fcomments&post=230"}],"version-history":[{"count":6,"href":"https:\/\/ifah.de\/index.php?rest_route=\/wp\/v2\/pages\/230\/revisions"}],"predecessor-version":[{"id":530,"href":"https:\/\/ifah.de\/index.php?rest_route=\/wp\/v2\/pages\/230\/revisions\/530"}],"wp:attachment":[{"href":"https:\/\/ifah.de\/index.php?rest_route=%2Fwp%2Fv2%2Fmedia&parent=230"}],"curies":[{"name":"wp","href":"https:\/\/api.w.org\/{rel}","templated":true}]}}