{"id":240,"date":"2025-12-18T16:21:19","date_gmt":"2025-12-18T15:21:19","guid":{"rendered":"https:\/\/ifah85.wordpress.com\/?page_id=240"},"modified":"2026-02-18T08:45:54","modified_gmt":"2026-02-18T08:45:54","slug":"projektplaner-in","status":"publish","type":"page","link":"https:\/\/ifah.de\/?page_id=240","title":{"rendered":"Projektplaner\/in"},"content":{"rendered":"\n<h2 class=\"wp-block-heading has-mona-sans-font-family\" style=\"font-size:clamp(20px, 1.25rem + ((1vw - 3.2px) * 1.258), 32px);\"><strong>Projektplaner\/in in Voll- oder Teilzeit<\/strong><br>im Bereich Deponiebau<\/h2>\n\n\n\n<p class=\"has-mona-sans-font-family\">Als etabliertes Unternehmen in der Region suchen wir engagierte Mitarbeitende, die unser Team mit dem erforderlichen Interesse f\u00fcr Planung, Koordinierung und bautechnische Begleitung in Projekten mit deponietechnischen und abfallrechtlichen Fragestellungen verst\u00e4rken und nach M\u00f6glichkeit schon einschl\u00e4gige Berufserfahrung mitbringen.<\/p>\n\n\n\n<hr class=\"wp-block-separator has-alpha-channel-opacity\"\/>\n\n\n\n<h2 class=\"wp-block-heading has-mona-sans-font-family\">Ihre Aufgaben bei uns<\/h2>\n\n\n\n<ul class=\"wp-block-list has-mona-sans-font-family\">\n<li class=\"has-albert-sans-font-family\">Erstellung von Entwurfs-, Genehmigungs- und Ausf\u00fchrungsplanungen sowie Ausschreibungs- und Vergabeunterlagen, <\/li>\n\n\n\n<li class=\"has-albert-sans-font-family\">Erstellung von Berichten und Gutachten<\/li>\n\n\n\n<li class=\"has-albert-sans-font-family\">Konzeption und Begleitung von Gel\u00e4ndearbeiten (Sondierungen, Messstellenbau)<\/li>\n\n\n\n<li class=\"has-albert-sans-font-family\">Gel\u00e4ndearbeiten wie Probenahmen und Stichtagsmessungen<\/li>\n\n\n\n<li class=\"has-albert-sans-font-family\">Dokumentation, Verarbeitung und Auswertung von Mess- und Erkundungsergebnissen<\/li>\n\n\n\n<li class=\"has-albert-sans-font-family\">(Baustellen-) Termine zur Planung, Koordination und Bau\u00fcberwachung<\/li>\n\n\n\n<li class=\"has-albert-sans-font-family\">Kommunikation mit Auftraggebern, Beh\u00f6rden und weiteren Beteiligten.<\/li>\n<\/ul>\n\n\n\n<h2 class=\"wp-block-heading has-mona-sans-font-family\">Ihr Profil<\/h2>\n\n\n\n<ul class=\"wp-block-list has-mona-sans-font-family\">\n<li class=\"has-albert-sans-font-family\">Natur-\/Ingenieurwissenschaftlicher Background (z.B. Bau-, Umweltingenieurwesen, Geo-, Landschaftswissenschaften, min. B.Sc. oder vergleichbare Qualifikation)<\/li>\n\n\n\n<li class=\"has-albert-sans-font-family\">Sicherer Umgang mit den MS-Office-Produkten<\/li>\n\n\n\n<li class=\"has-albert-sans-font-family\">Strukturierte, selbstst\u00e4ndige und nachvollziehbare Arbeitsweise<\/li>\n\n\n\n<li class=\"has-albert-sans-font-family\">Kenntnisse gesetzlicher Vorschriften (z.B. BBodSchV, DepV, KrWG, etc.)<\/li>\n\n\n\n<li class=\"has-albert-sans-font-family\">Gute Ausdrucksweise in Wort und Schrift<\/li>\n\n\n\n<li class=\"has-albert-sans-font-family\">F\u00fchrerschein Klasse B<\/li>\n\n\n\n<li class=\"has-albert-sans-font-family\">GIS- (QGIS) und\/oder CAD- (AutoCAD Civil 3D) Kenntnisse w\u00fcnschenswert<\/li>\n<\/ul>\n\n\n\n<h2 class=\"wp-block-heading has-mona-sans-font-family\">Das bieten wir Ihnen<\/h2>\n\n\n\n<ul class=\"wp-block-list has-mona-sans-font-family\">\n<li class=\"has-albert-sans-font-family\">Ein unbefristetes Arbeitsverh\u00e4ltnis mit eigenem B\u00fcro<\/li>\n\n\n\n<li class=\"has-albert-sans-font-family\">Betriebliche Zusatzkrankenversicherung<\/li>\n\n\n\n<li class=\"has-albert-sans-font-family\">Eine verantwortungsvolle und abwechslungsreiche T\u00e4tigkeit in einem kompetenten und engagierten Team<\/li>\n\n\n\n<li class=\"has-albert-sans-font-family\">Individuelle Weiterbildungsm\u00f6glichkeiten und Unterst\u00fctzung bei der Einarbeitung in begleitende Fachgebiete (z.B. Bergrecht, Umweltrecht, Arbeitssicherheit)<\/li>\n\n\n\n<li class=\"has-albert-sans-font-family\">Umweltfreundliche Mobilit\u00e4t \u00fcber Jobrad-Leasing<\/li>\n\n\n\n<li class=\"has-albert-sans-font-family\">Flache Hierarchien und Arbeitszeiten nach Gleitzeitregelung<\/li>\n<\/ul>\n\n\n\n<hr class=\"wp-block-separator has-alpha-channel-opacity\"\/>\n\n\n\n<p class=\"has-mona-sans-font-family\">Bewerbungen nimmt Herr Mads Andresen gerne mit Lebenslauf, Zeugnissen, Arbeitsbeginn und Gehaltsvorstellungen per E-Mail an&nbsp;office@ifah.de entgegen.<\/p>\n\n\n\n<p class=\"has-mona-sans-font-family\">Wir freuen uns darauf, Sie kennenzulernen!<\/p>\n","protected":false},"excerpt":{"rendered":"<p>Projektplaner\/in in Voll- oder Teilzeitim Bereich Deponiebau Als etabliertes Unternehmen in der Region suchen wir engagierte Mitarbeitende, die unser Team mit dem erforderlichen Interesse f\u00fcr Planung, Koordinierung und bautechnische Begleitung in Projekten mit deponietechnischen und abfallrechtlichen Fragestellungen verst\u00e4rken und nach M\u00f6glichkeit schon einschl\u00e4gige Berufserfahrung mitbringen. Ihre Aufgaben bei uns Ihr Profil Das bieten wir Ihnen [&hellip;]<\/p>\n","protected":false},"author":2,"featured_media":0,"parent":0,"menu_order":0,"comment_status":"closed","ping_status":"closed","template":"","meta":{"footnotes":""},"class_list":["post-240","page","type-page","status-publish","hentry"],"_links":{"self":[{"href":"https:\/\/ifah.de\/index.php?rest_route=\/wp\/v2\/pages\/240","targetHints":{"allow":["GET"]}}],"collection":[{"href":"https:\/\/ifah.de\/index.php?rest_route=\/wp\/v2\/pages"}],"about":[{"href":"https:\/\/ifah.de\/index.php?rest_route=\/wp\/v2\/types\/page"}],"author":[{"embeddable":true,"href":"https:\/\/ifah.de\/index.php?rest_route=\/wp\/v2\/users\/2"}],"replies":[{"embeddable":true,"href":"https:\/\/ifah.de\/index.php?rest_route=%2Fwp%2Fv2%2Fcomments&post=240"}],"version-history":[{"count":3,"href":"https:\/\/ifah.de\/index.php?rest_route=\/wp\/v2\/pages\/240\/revisions"}],"predecessor-version":[{"id":510,"href":"https:\/\/ifah.de\/index.php?rest_route=\/wp\/v2\/pages\/240\/revisions\/510"}],"wp:attachment":[{"href":"https:\/\/ifah.de\/index.php?rest_route=%2Fwp%2Fv2%2Fmedia&parent=240"}],"curies":[{"name":"wp","href":"https:\/\/api.w.org\/{rel}","templated":true}]}}