{"id":284,"date":"2025-12-18T16:18:57","date_gmt":"2025-12-18T15:18:57","guid":{"rendered":"https:\/\/ifah85.wordpress.com\/?page_id=284"},"modified":"2026-02-18T08:33:27","modified_gmt":"2026-02-18T08:33:27","slug":"altlastenbearbeitung","status":"publish","type":"page","link":"https:\/\/ifah.de\/?page_id=284","title":{"rendered":"Altlastenbearbeitung"},"content":{"rendered":"\n<div class=\"wp-block-query alignwide is-layout-flow wp-block-query-is-layout-flow\">\n<div class=\"wp-block-columns is-layout-flex wp-container-core-columns-is-layout-28f84493 wp-block-columns-is-layout-flex\">\n<div class=\"wp-block-column is-layout-flow wp-block-column-is-layout-flow\" style=\"flex-basis:100%\"><\/div>\n<\/div>\n\n\n\n<div class=\"wp-block-group alignfull is-style-section-1 has-global-padding is-content-justification-center is-layout-constrained wp-container-core-group-is-layout-1113caee wp-block-group-is-layout-constrained\" style=\"margin-top:0;margin-bottom:0;padding-top:var(--wp--preset--spacing--40);padding-right:0;padding-bottom:var(--wp--preset--spacing--40);padding-left:0\">\n<div class=\"wp-block-columns alignwide is-layout-flex wp-container-core-columns-is-layout-3971d7d7 wp-block-columns-is-layout-flex\">\n<div class=\"wp-block-column is-layout-flow wp-container-core-column-is-layout-8a368f38 wp-block-column-is-layout-flow\">\n<div class=\"wp-block-group is-vertical is-nowrap is-layout-flex wp-container-core-group-is-layout-5acb760c wp-block-group-is-layout-flex\">\n<figure class=\"wp-block-image size-large has-custom-border wp-duotone-unset-1\" style=\"margin-right:0;margin-left:0\"><img decoding=\"async\" src=\"https:\/\/ifah85.wordpress.com\/wp-content\/uploads\/2025\/11\/564_zd-bassum-b3_awg-1.jpg?w=847\" alt=\"\" class=\"wp-image-308\" style=\"border-radius:0px;aspect-ratio:1;object-fit:cover\"\/><\/figure>\n<\/div>\n<\/div>\n\n\n\n<div class=\"wp-block-column is-layout-flow wp-container-core-column-is-layout-8a368f38 wp-block-column-is-layout-flow\">\n<div class=\"wp-block-group is-vertical is-layout-flex wp-container-core-group-is-layout-c35747d5 wp-block-group-is-layout-flex\">\n<figure class=\"wp-block-image size-large wp-duotone-unset-2\"><img decoding=\"async\" src=\"https:\/\/ifah85.wordpress.com\/wp-content\/uploads\/2025\/11\/alle-bohrkerne-p11.jpg?w=1024\" alt=\"\" class=\"wp-image-309\" style=\"aspect-ratio:1;object-fit:cover\"\/><\/figure>\n<\/div>\n<\/div>\n\n\n\n<div class=\"wp-block-column is-layout-flow wp-container-core-column-is-layout-8a368f38 wp-block-column-is-layout-flow\">\n<div class=\"wp-block-group is-vertical is-layout-flex wp-container-core-group-is-layout-c35747d5 wp-block-group-is-layout-flex\">\n<figure class=\"wp-block-image size-large wp-duotone-unset-3\"><img decoding=\"async\" src=\"https:\/\/ifah85.wordpress.com\/wp-content\/uploads\/2025\/11\/564_zd-bassum_awg.jpg?w=596\" alt=\"\" class=\"wp-image-310\" style=\"aspect-ratio:1;object-fit:cover\"\/><\/figure>\n<\/div>\n<\/div>\n<\/div>\n<\/div>\n<\/div>\n\n\n\n<div class=\"wp-block-group alignfull has-mona-sans-font-family has-global-padding is-content-justification-center is-layout-constrained wp-block-group-is-layout-constrained\" style=\"margin-top:0;margin-bottom:0;padding-top:var(--wp--preset--spacing--50);padding-bottom:var(--wp--preset--spacing--50)\">\n<div class=\"wp-block-columns alignwide is-layout-flex wp-container-core-columns-is-layout-28f84493 wp-block-columns-is-layout-flex\">\n<div class=\"wp-block-column is-vertically-aligned-center is-layout-flow wp-block-column-is-layout-flow\">\n<h2 class=\"wp-block-heading has-secondary-color has-text-color has-link-color has-albert-sans-font-family wp-elements-696486c330e3cae260da972c4ac25b91\" style=\"font-size:clamp(25.014px, 1.563rem + ((1vw - 3.2px) * 1.781), 42px);\"><strong>Altlastenbearbeitung<\/strong><\/h2>\n\n\n\n<p class=\"is-contact-description has-albert-sans-font-family\">Die Notwendigkeit einer Erkundung und Beurteilung von umweltrelevanten Sachverhalten kann einerseits durch beh\u00f6rdliches Handeln bzw. gesetzliche Vorgaben verursacht werden, andererseits aber auch durch private Interessen motiviert sein. Wir unterst\u00fctzen Sie mit fundierten Gutachter- und Planungsleistungen bei der Untersuchung und Sanierung von Altlasten, altlastenverd\u00e4chtigen Fl\u00e4chen und Altablagerungen. Speziell in der Erkundung und der Wiedernutzbarmachung von Standorten der Erd\u00f6l- und Erdgasindustrie zeichnen wir uns durch umfangreiche Erfahrungen aus.<\/p>\n\n\n\n<p class=\"has-secondary-color has-text-color has-link-color has-albert-sans-font-family wp-elements-24bc28d68e942e38b7a61a1824f716c0\" style=\"font-size:clamp(25.014px, 1.563rem + ((1vw - 3.2px) * 1.781), 42px);\">Altlastensanierung<\/p>\n\n\n\n<p class=\"has-albert-sans-font-family\">Von der historischen Erkundung und Gef\u00e4hrdungsabsch\u00e4tzung \u00fcber die Konzeption detaillierter Sanierungsuntersuchungen bis zur Planung und fachgutachterlichen Begleitung der Ma\u00dfnahmen \u2013 wir bieten alle Leistungen aus einer Hand.<br>Unser Fokus liegt auf technisch wirksamen, wirtschaftlichen und rechtssicheren L\u00f6sungen zur nachhaltigen Beseitigung oder Sicherung von Boden- und Grundwasserverunreinigungen. Zu unseren Leistungen geh\u00f6ren unter anderem:<\/p>\n\n\n\n<ul class=\"wp-block-list\">\n<li class=\"has-albert-sans-font-family\">Historische Recherche<\/li>\n\n\n\n<li class=\"has-albert-sans-font-family\">Konzeption von orientierenden und Detailuntersuchungen (z.B. Sondierungen, Bohrarbeiten, Grundwasserprobenahmen, Laboranalysen)<\/li>\n\n\n\n<li class=\"has-albert-sans-font-family\">Gef\u00e4hrdungsabsch\u00e4tzung<\/li>\n\n\n\n<li class=\"has-albert-sans-font-family\">Unterst\u00fctzung bei der Ausschreibung und Vergabe<\/li>\n\n\n\n<li class=\"has-albert-sans-font-family\">fachtechnische Begleitung und Dokumentation der Ma\u00dfnahmen<\/li>\n\n\n\n<li class=\"has-albert-sans-font-family\">Bodenmanagement und Koordination von Abfallstr\u00f6men<\/li>\n\n\n\n<li class=\"has-albert-sans-font-family\">fachgutachterliche Bewertung der Untersuchungsergebnisse und Ableitung von Handlungsempfehlungen f\u00fcr den Vorhabentr\u00e4ger<\/li>\n\n\n\n<li class=\"has-albert-sans-font-family\">Technische Planungen zur Beseitigung der Gefahrenquelle (R\u00fcckbau der Altlast, Entnahme\/Reinigung von Grundwasser)<\/li>\n\n\n\n<li class=\"has-albert-sans-font-family\">Technische Planungen zur Sicherung der Gefahrenquelle (Einkapselung der Altlast)<\/li>\n\n\n\n<li class=\"has-albert-sans-font-family\">Fachplanungen zum Entsorgungskonzept\/-management<\/li>\n\n\n\n<li class=\"has-albert-sans-font-family\">Probenahme nach PN98 und Deklaration von Aushub- und R\u00fcckbaumaterialien<\/li>\n\n\n\n<li class=\"has-albert-sans-font-family\">GNSS-Vermessung im Gel\u00e4nde<\/li>\n\n\n\n<li class=\"has-albert-sans-font-family\">Fachplanungen zur Wiedernutzbarmachung des Standortes nach Sanierung<\/li>\n<\/ul>\n\n\n\n<p class=\"has-secondary-color has-text-color has-link-color has-albert-sans-font-family wp-elements-ff7acbe6cb434a454eaacc20a3f6f9ec\" style=\"font-size:clamp(25.014px, 1.563rem + ((1vw - 3.2px) * 1.781), 42px);\">R\u00fcckbau und Wiedernutzbarmachung<\/p>\n\n\n\n<p class=\"has-albert-sans-font-family\">Wir bieten umfassende Gutachter- und Planungsleistungen f\u00fcr Altlastenstandorte, die dem Bundesberggesetz (BBergG) unterliegen. Von der Erfassung und Bewertung ehemaliger Bergbaufl\u00e4chen \u00fcber die Entwicklung individueller R\u00fcckbau- und Sanierungskonzepte bis hin zur Planung der Wiedernutzbarmachung begleiten wir Ihre Projekte fachkundig und effizient. Besonderes Augenmerk legen wir hierbei auf den \u00dcbergang der Standorte aus der bergbeh\u00f6rdlichen in die umweltbeh\u00f6rdliche Zust\u00e4ndigkeit.<br>Zum Erreichen unseres Ziels einer nachhaltigen Fl\u00e4chensicherung und Schaffung neuer Nutzungsoptionen im Einklang mit beh\u00f6rdlichen Vorgaben und den Anforderungen an den Umweltschutz stehen wir Ihnen unter anderem mit Folgenden Leistungen zur Seite:<\/p>\n\n\n\n<ul class=\"wp-block-list\">\n<li class=\"has-albert-sans-font-family\">Unterst\u00fctzung bei der Erstellung von bergrechtlichen Betriebspl\u00e4nen<\/li>\n\n\n\n<li class=\"has-albert-sans-font-family\">Technische Planungen zum R\u00fcckbau und zur Wiedernutzbarmachung<\/li>\n\n\n\n<li class=\"has-albert-sans-font-family\">Fachplanungen zum Entsorgungskonzept\/-management<\/li>\n\n\n\n<li class=\"has-albert-sans-font-family\">Fachplanungen zur Wiedernutzbarmachung der Oberfl\u00e4che bzw. Wiederherstellung eines ordnungsgem\u00e4\u00dfen Zustandes des Grundst\u00fccks<\/li>\n\n\n\n<li class=\"has-albert-sans-font-family\">Erstellung der Abschlussdokumentation mit Darstellung der Erf\u00fcllung des \u00a7&nbsp;69 (2) BBergG<\/li>\n<\/ul>\n\n\n\n<p class=\"has-secondary-color has-text-color has-link-color has-albert-sans-font-family wp-elements-b78558bbfd2c3230a0cdb7e1e6852576\" style=\"font-size:clamp(25.014px, 1.563rem + ((1vw - 3.2px) * 1.781), 42px);\">Grundwasser<\/p>\n\n\n\n<p class=\"has-albert-sans-font-family\">Im Rahmen der Altlastensanierung ist die fundierte hydrogeologische Bewertung ein zentraler Bestandteil zur Beurteilung von Gef\u00e4hrdungspotenzialen und zur Entwicklung wirksamer Sanierungskonzepte. Wir bieten Ihnen umfassende Fachgutachter- und Planungsleistungen rund um den Schutz und die Wiederherstellung der Grundwasserqualit\u00e4t. Dabei stehen die genaue Erfassung von Schadstoffausbreitungen, die Planung nachhaltiger Ma\u00dfnahmen sowie die Funktions\u00fcberwachung im Fokus. Im Rahmen der Hydrogeologie geh\u00f6ren hier speziell die folgenden Leistungen zu unserem Portfolio:<\/p>\n\n\n\n<ul class=\"wp-block-list\">\n<li class=\"has-albert-sans-font-family\">Erstellung von Antr\u00e4gen auf wasserrechtliche Erlaubnis (z.B. bei Bauwasserhaltung)<\/li>\n\n\n\n<li class=\"has-albert-sans-font-family\">Planung, Auswertung und Begleitung von Boden- und Grundwassermonitoring<\/li>\n\n\n\n<li class=\"has-albert-sans-font-family\">Konzeption von Untersuchungsma\u00dfnahmen (z.B. Sondierungen, Messstellenbau, Grundwasserprobenahmen, Laboranalysen)<\/li>\n\n\n\n<li class=\"has-albert-sans-font-family\">Gef\u00e4hrdungsabsch\u00e4tzung<\/li>\n\n\n\n<li class=\"has-albert-sans-font-family\">Fachgutachterliche Begleitung beim Messstellenbau<\/li>\n<\/ul>\n<\/div>\n<\/div>\n<\/div>\n\n\n\n<div class=\"wp-block-group alignfull is-style-section-1 has-global-padding is-content-justification-center is-layout-constrained wp-container-core-group-is-layout-b82d3f36 wp-block-group-is-layout-constrained\" style=\"margin-top:0;margin-bottom:0;padding-top:var(--wp--preset--spacing--40);padding-bottom:var(--wp--preset--spacing--40)\">\n<div class=\"wp-block-columns alignwide is-layout-flex wp-container-core-columns-is-layout-3971d7d7 wp-block-columns-is-layout-flex\">\n<div class=\"wp-block-column is-layout-flow wp-container-core-column-is-layout-8a368f38 wp-block-column-is-layout-flow\">\n<div class=\"wp-block-group is-vertical is-nowrap is-layout-flex wp-container-core-group-is-layout-5acb760c wp-block-group-is-layout-flex\">\n<figure class=\"wp-block-image size-large wp-duotone-unset-4\"><img decoding=\"async\" src=\"https:\/\/ifah85.wordpress.com\/wp-content\/uploads\/2025\/11\/img_2552.jpeg?w=768\" alt=\"\" class=\"wp-image-306\" style=\"aspect-ratio:1;object-fit:cover\"\/><\/figure>\n<\/div>\n<\/div>\n\n\n\n<div class=\"wp-block-column is-layout-flow wp-container-core-column-is-layout-8a368f38 wp-block-column-is-layout-flow\">\n<div class=\"wp-block-group is-vertical is-layout-flex wp-container-core-group-is-layout-c35747d5 wp-block-group-is-layout-flex\">\n<figure class=\"wp-block-image size-large wp-duotone-unset-5\"><img decoding=\"async\" src=\"https:\/\/ifah85.wordpress.com\/wp-content\/uploads\/2025\/11\/img_20250903_154939.jpg?w=1024\" alt=\"\" class=\"wp-image-307\" style=\"aspect-ratio:1;object-fit:cover\"\/><\/figure>\n<\/div>\n<\/div>\n\n\n\n<div class=\"wp-block-column is-layout-flow wp-container-core-column-is-layout-8a368f38 wp-block-column-is-layout-flow\">\n<div class=\"wp-block-group is-vertical is-layout-flex wp-container-core-group-is-layout-c35747d5 wp-block-group-is-layout-flex\">\n<figure class=\"wp-block-image size-large wp-duotone-unset-6\"><img decoding=\"async\" src=\"https:\/\/ifah85.wordpress.com\/wp-content\/uploads\/2025\/11\/img_9925.jpeg?w=1024\" alt=\"\" class=\"wp-image-304\" style=\"aspect-ratio:1;object-fit:cover\"\/><\/figure>\n<\/div>\n<\/div>\n<\/div>\n\n\n\n<div style=\"height:100px\" aria-hidden=\"true\" class=\"wp-block-spacer\"><\/div>\n<\/div>\n\n\n\n<div class=\"wp-block-group alignfull is-style-default has-global-padding is-content-justification-center is-layout-constrained wp-container-core-group-is-layout-03d2f028 wp-block-group-is-layout-constrained\" style=\"margin-top:0;margin-bottom:0;padding-top:var(--wp--preset--spacing--50);padding-bottom:var(--wp--preset--spacing--50)\">\n<div class=\"wp-block-group alignwide is-layout-flow wp-block-group-is-layout-flow\" style=\"margin-top:0;margin-bottom:0\">\n<div class=\"wp-block-group alignwide has-global-padding is-layout-constrained wp-container-core-group-is-layout-346627ba wp-block-group-is-layout-constrained\">\n<div class=\"wp-block-columns alignwide is-layout-flex wp-container-core-columns-is-layout-08c01c1c wp-block-columns-is-layout-flex\">\n<div class=\"wp-block-column is-layout-flow wp-block-column-is-layout-flow\" style=\"flex-basis:32.90938%\">\n<div class=\"wp-block-cover has-custom-content-position is-position-bottom-center has-base-color has-text-color has-link-color wp-elements-d975cc4282181a6c3d447e64b753fbcd wp-container-content-9cfa9a5a\" style=\"border-radius:28px;padding-top:var(--wp--preset--spacing--60);padding-right:var(--wp--preset--spacing--60);padding-bottom:var(--wp--preset--spacing--60);padding-left:var(--wp--preset--spacing--60);min-height:387px;aspect-ratio:unset;\"><img decoding=\"async\" class=\"wp-block-cover__image-background wp-image-206 size-full\" alt=\"\" src=\"https:\/\/ifah85.wordpress.com\/wp-content\/uploads\/2025\/04\/img_0037-e1745921714223.jpg\" data-object-fit=\"cover\"\/><span aria-hidden=\"true\" class=\"wp-block-cover__background has-background-dim-0 has-background-dim has-background-gradient\" style=\"background-color:#52626d;background:linear-gradient(180deg,rgba(0,0,0,0) 0%,rgb(0,0,0) 76%)\"><\/span><div class=\"wp-block-cover__inner-container is-layout-flow wp-block-cover-is-layout-flow\">\n<div style=\"height:340px\" aria-hidden=\"true\" class=\"wp-block-spacer\"><\/div>\n<\/div><\/div>\n<\/div>\n\n\n\n<div class=\"wp-block-column is-layout-flow wp-container-core-column-is-layout-119bc444 wp-block-column-is-layout-flow\" style=\"flex-basis:67.09062%\">\n<div class=\"wp-block-group has-base-color has-primary-background-color has-text-color has-background has-link-color wp-elements-5c10fa0dbe1a2be0aed7275a4321db36 is-vertical is-layout-flex wp-container-core-group-is-layout-80882bac wp-block-group-is-layout-flex\" style=\"border-radius:28px;padding-top:var(--wp--preset--spacing--60);padding-right:var(--wp--preset--spacing--60);padding-bottom:var(--wp--preset--spacing--60);padding-left:var(--wp--preset--spacing--60)\">\n<h2 class=\"wp-block-heading has-mona-sans-font-family has-x-large-font-size\">Sie haben Fragen?<\/h2>\n\n\n\n<p class=\"has-mona-sans-font-family\">Unser Expertenteam steht Ihnen gerne beratend zur Seite.<br>\u00dcber unser Kontaktformular oder per Mail sowie telefonisch k\u00f6nnen Sie uns w\u00e4hrend unserer Gesch\u00e4ftszeiten erreichen.<\/p>\n\n\n\n<div class=\"wp-block-buttons is-layout-flex wp-block-buttons-is-layout-flex\">\n<div class=\"wp-block-button is-style-outline is-style-outline--7\"><a class=\"wp-block-button__link has-base-color has-text-color has-link-color has-border-color has-base-border-color has-mona-sans-font-family wp-element-button\" href=\"https:\/\/ifah.de\/\" style=\"border-width:2px\">Kontakt aufnehmen<\/a><\/div>\n<\/div>\n<\/div>\n\n\n\n<div class=\"wp-block-columns is-layout-flex wp-container-core-columns-is-layout-08c01c1c wp-block-columns-is-layout-flex\">\n<div class=\"wp-block-column is-layout-flow wp-block-column-is-layout-flow\"><\/div>\n\n\n\n<div class=\"wp-block-column is-layout-flow wp-block-column-is-layout-flow\"><\/div>\n<\/div>\n<\/div>\n<\/div>\n<\/div>\n\n\n\n<div class=\"wp-block-group alignwide is-layout-flow wp-block-group-is-layout-flow\">\n<div style=\"height:20px\" aria-hidden=\"true\" class=\"wp-block-spacer\"><\/div>\n\n\n\n<hr class=\"wp-block-separator has-alpha-channel-opacity is-style-dots\"\/>\n\n\n\n<div class=\"wp-block-columns alignwide is-layout-flex wp-container-core-columns-is-layout-3971d7d7 wp-block-columns-is-layout-flex\">\n<div class=\"wp-block-column is-layout-flow wp-container-core-column-is-layout-8a368f38 wp-block-column-is-layout-flow\"><\/div>\n\n\n\n<div class=\"wp-block-column is-layout-flow wp-container-core-column-is-layout-8a368f38 wp-block-column-is-layout-flow\"><\/div>\n\n\n\n<div class=\"wp-block-column is-layout-flow wp-container-core-column-is-layout-8a368f38 wp-block-column-is-layout-flow\"><\/div>\n<\/div>\n<\/div>\n<\/div>\n<\/div>\n","protected":false},"excerpt":{"rendered":"<p>Altlastenbearbeitung Die Notwendigkeit einer Erkundung und Beurteilung von umweltrelevanten Sachverhalten kann einerseits durch beh\u00f6rdliches Handeln bzw. gesetzliche Vorgaben verursacht werden, andererseits aber auch durch private Interessen motiviert sein. Wir unterst\u00fctzen Sie mit fundierten Gutachter- und Planungsleistungen bei der Untersuchung und Sanierung von Altlasten, altlastenverd\u00e4chtigen Fl\u00e4chen und Altablagerungen. Speziell in der Erkundung und der Wiedernutzbarmachung von [&hellip;]<\/p>\n","protected":false},"author":2,"featured_media":0,"parent":0,"menu_order":0,"comment_status":"closed","ping_status":"closed","template":"","meta":{"footnotes":""},"class_list":["post-284","page","type-page","status-publish","hentry"],"_links":{"self":[{"href":"https:\/\/ifah.de\/index.php?rest_route=\/wp\/v2\/pages\/284","targetHints":{"allow":["GET"]}}],"collection":[{"href":"https:\/\/ifah.de\/index.php?rest_route=\/wp\/v2\/pages"}],"about":[{"href":"https:\/\/ifah.de\/index.php?rest_route=\/wp\/v2\/types\/page"}],"author":[{"embeddable":true,"href":"https:\/\/ifah.de\/index.php?rest_route=\/wp\/v2\/users\/2"}],"replies":[{"embeddable":true,"href":"https:\/\/ifah.de\/index.php?rest_route=%2Fwp%2Fv2%2Fcomments&post=284"}],"version-history":[{"count":3,"href":"https:\/\/ifah.de\/index.php?rest_route=\/wp\/v2\/pages\/284\/revisions"}],"predecessor-version":[{"id":497,"href":"https:\/\/ifah.de\/index.php?rest_route=\/wp\/v2\/pages\/284\/revisions\/497"}],"wp:attachment":[{"href":"https:\/\/ifah.de\/index.php?rest_route=%2Fwp%2Fv2%2Fmedia&parent=284"}],"curies":[{"name":"wp","href":"https:\/\/api.w.org\/{rel}","templated":true}]}}