{"id":29,"date":"2024-12-05T14:35:59","date_gmt":"2024-12-05T13:35:59","guid":{"rendered":"https:\/\/ifah85.wordpress.com\/?page_id=29"},"modified":"2026-02-18T08:32:29","modified_gmt":"2026-02-18T08:32:29","slug":"uber-uns","status":"publish","type":"page","link":"https:\/\/ifah.de\/?page_id=29","title":{"rendered":"\u00dcber uns"},"content":{"rendered":"\n<div class=\"wp-block-cover alignwide is-light is-style-default\" style=\"padding-top:var(--wp--preset--spacing--70);padding-right:var(--wp--preset--spacing--50);padding-bottom:var(--wp--preset--spacing--70);padding-left:var(--wp--preset--spacing--50)\"><img decoding=\"async\" class=\"wp-block-cover__image-background wp-image-223 size-large\" alt=\"\" src=\"https:\/\/ifah85.wordpress.com\/wp-content\/uploads\/2025\/04\/img_0087.jpg?w=1024\" style=\"object-position:43% 12%\" data-object-fit=\"cover\" data-object-position=\"43% 12%\" \/><span aria-hidden=\"true\" class=\"wp-block-cover__background has-background-dim-0 has-background-dim\" style=\"background-color:#494e49\"><\/span><div class=\"wp-block-cover__inner-container is-layout-flow wp-block-cover-is-layout-flow\">\n<div style=\"height:var(--wp--preset--spacing--70)\" aria-hidden=\"true\" class=\"wp-block-spacer\"><\/div>\n\n\n\n<div style=\"height:var(--wp--preset--spacing--70)\" aria-hidden=\"true\" class=\"wp-block-spacer\"><\/div>\n<\/div><\/div>\n\n\n\n<div class=\"wp-block-columns alignfull has-base-color has-primary-background-color has-text-color has-background has-link-color wp-elements-0090f461268febdd0acbd80fc86c4b09 is-layout-flex wp-container-core-columns-is-layout-4bd44da7 wp-block-columns-is-layout-flex\" style=\"margin-top:0;margin-bottom:0;padding-top:0;padding-right:0;padding-bottom:0;padding-left:0\">\n<div class=\"wp-block-column is-vertically-aligned-center is-layout-flow wp-block-column-is-layout-flow\" style=\"padding-top:0;padding-right:0;padding-bottom:0;padding-left:0;flex-basis:100%\">\n<div class=\"wp-block-group has-base-background-color has-background has-global-padding is-layout-constrained wp-container-core-group-is-layout-b04b017e wp-block-group-is-layout-constrained\" style=\"padding-top:var(--wp--preset--spacing--70);padding-right:10%;padding-bottom:var(--wp--preset--spacing--70);padding-left:10%\">\n<h2 class=\"wp-block-heading has-text-align-center has-primary-color has-text-color has-link-color has-mona-sans-font-family has-xx-large-font-size wp-elements-ea0e2b96872d92ecc3208dceddccfe42\">IFAH &#8211; Ihr Partner f\u00fcr <strong>Ingenieursdienstleistungen<\/strong>.<\/h2>\n\n\n\n<p class=\"has-text-align-center has-albert-sans-font-family has-primary-color has-text-color has-link-color has-mona-sans-font-family wp-elements-c7b6290600559e82c4aa44121f371947\">Unsere Historie begann bereits vor fast 40 Jahren &#8211;<br>davon profitieren wir bis heute.<\/p>\n\n\n\n<div class=\"wp-block-buttons is-content-justification-center is-layout-flex wp-container-core-buttons-is-layout-a89b3969 wp-block-buttons-is-layout-flex\">\n<div class=\"wp-block-button is-style-outline is-style-outline--1\"><a class=\"wp-block-button__link has-base-color has-primary-background-color has-text-color has-background has-link-color has-border-color has-base-border-color has-mona-sans-font-family wp-element-button\" href=\"#Team\" style=\"border-width:2px\">Unser Team<\/a><\/div>\n<\/div>\n<\/div>\n<\/div>\n<\/div>\n\n\n\n<div class=\"wp-block-columns alignfull has-base-color has-primary-background-color has-text-color has-background has-link-color wp-elements-edf2baba64b0408b2fd0026dc7444425 is-layout-flex wp-container-core-columns-is-layout-4bd44da7 wp-block-columns-is-layout-flex\" style=\"margin-top:0;margin-bottom:0;padding-top:0;padding-right:0;padding-bottom:0;padding-left:0\">\n<div class=\"wp-block-column is-vertically-aligned-center is-layout-flow wp-block-column-is-layout-flow\" style=\"padding-top:0;padding-right:0;padding-bottom:0;padding-left:0;flex-basis:50%\">\n<div class=\"wp-block-group has-global-padding is-layout-constrained wp-container-core-group-is-layout-b04b017e wp-block-group-is-layout-constrained\" style=\"padding-top:var(--wp--preset--spacing--70);padding-right:10%;padding-bottom:var(--wp--preset--spacing--70);padding-left:10%\">\n<h2 class=\"wp-block-heading has-mona-sans-font-family has-xx-large-font-size\">Fast <strong>40 Jahre Kompetenz &#8211;<\/strong><br>unsere Historie<\/h2>\n\n\n\n<p class=\"has-mona-sans-font-family\" style=\"font-size:clamp(14px, 0.875rem + ((1vw - 3.2px) * 0.419), 18px);\">Das INSTITUT F\u00dcR ANGEWANDTE HYDROGEOLOGIE wurde im Jahr 1987 als \u201eGesellschaft b\u00fcrgerlichen Rechts\u201c (GbR) gegr\u00fcndet. Zu Beginn der T\u00e4tigkeit der IFAH GbR \u00fcberwogen klassische Fragestellungen der Hydrogeologie und der Altlastenbearbeitung. Im Lauf der Jahre wurde das T\u00e4tigkeitsfeld durch die Bereiche Sanierung\/Tiefbau, Deponiebau, Kampfmittelr\u00e4umung, vorbeugender Arbeitsschutz und Fl\u00e4chenrevitalisierung und Konversion kontinuierlich erweitert.<\/p>\n\n\n\n<p class=\"has-mona-sans-font-family\" style=\"font-size:clamp(14px, 0.875rem + ((1vw - 3.2px) * 0.419), 18px);\">Als Schwerpunkte unserer Aufgabenwahrnehmung haben sich dabei \u00fcber die Jahre die Fachbereiche<br>\u2013 der Sanierung in Verbindung mit dem Deponiebau resp. -r\u00fcckbau<br>\u2013 der Kampfmittelr\u00e4umung<br>\u2013 des Arbeits- und Gesundheitsschutzes<br>entwickelt, wobei die Erlangung und Fortentwicklung dieser Kernkompetenzen untrennbar mit dem Wissen aus den weiteren Erfahrungsfeldern verbunden war und ist.<br>Die ifah Verwaltungsgesellschaft mbH wurde 1994 gegr\u00fcndet.<\/p>\n\n\n\n<p class=\"has-mona-sans-font-family\" style=\"font-size:clamp(14px, 0.875rem + ((1vw - 3.2px) * 0.419), 18px);\">Der ifah GmbH waren alle Verwaltungsaufgaben der IFAH GbR und die Abwicklung des Gesch\u00e4ftsverkehrs \u00fcbertragen. <br>Die ifah Verwaltungsgesellschaft trat den Kunden und <br>Auftraggebern als Auftragnehmerin gegen\u00fcber und leitete die Ingenieurleistungen an die IFAH GbR weiter.<\/p>\n<\/div>\n<\/div>\n\n\n\n<div class=\"wp-block-column is-vertically-aligned-center is-layout-flow wp-block-column-is-layout-flow\" style=\"flex-basis:50%\">\n<figure class=\"wp-block-image size-full\"><img decoding=\"async\" src=\"https:\/\/ifah85.wordpress.com\/wp-content\/uploads\/2025\/12\/image3.jpeg\" alt=\"\" class=\"wp-image-403\"\/><\/figure>\n\n\n\n<p class=\"has-mona-sans-font-family\" style=\"font-size:clamp(14px, 0.875rem + ((1vw - 3.2px) * 0.419), 18px);\">Fremdleistungen wurden an Drittfirmen vergeben.<br><strong>2024 erfolgte eine Zusammenf\u00fchrung von IFAH GbR und <br>ifah GmbH zur neuen IFAH GmbH.<\/strong><\/p>\n\n\n\n<p class=\"has-mona-sans-font-family\" style=\"font-size:clamp(14px, 0.875rem + ((1vw - 3.2px) * 0.419), 18px);\">IFAH GmbH ist seit 1998 Mitglied im Ingenieurtechnischen <br>Verband f\u00fcr Altlastenmanagement und Fl\u00e4chenrecycling e.V. <br>(ITVA) sowie Mitglied der Fachsektion Hydrogeologie in der <br>Deutschen Geologischen Gesellschaft (FH DGG; seit 1996).<br>IFAH GmbH verf\u00fcgt \u00fcber die Erlaubnis \u00a7 7 SprengG.<\/p>\n\n\n\n<div style=\"height:53px\" aria-hidden=\"true\" class=\"wp-block-spacer\"><\/div>\n<\/div>\n<\/div>\n\n\n\n<div class=\"wp-block-group alignfull has-global-padding is-content-justification-center is-layout-constrained wp-container-core-group-is-layout-ad781b73 wp-block-group-is-layout-constrained\" style=\"margin-top:0;margin-bottom:0;padding-top:var(--wp--preset--spacing--50);padding-bottom:var(--wp--preset--spacing--50)\">\n<div style=\"height:100px\" aria-hidden=\"true\" class=\"wp-block-spacer\"><\/div>\n\n\n\n<h2 class=\"wp-block-heading has-text-align-center has-primary-color has-text-color has-link-color has-mona-sans-font-family has-xx-large-font-size wp-elements-a5198ff4eb491066bc7e9a0cffe86638\"><strong>Unsere Experten<\/strong> im Portr\u00e4t<\/h2>\n\n\n\n<hr class=\"wp-block-separator has-text-color has-primary-color has-alpha-channel-opacity has-primary-background-color has-background\"\/>\n\n\n\n<div style=\"height:55px\" aria-hidden=\"true\" class=\"wp-block-spacer\"><\/div>\n<\/div>\n\n\n\n<div class=\"wp-block-group alignfull has-mona-sans-font-family has-global-padding is-content-justification-center is-layout-constrained wp-block-group-is-layout-constrained\" style=\"margin-top:0;margin-bottom:0;padding-top:var(--wp--preset--spacing--40);padding-bottom:var(--wp--preset--spacing--40)\">\n<div class=\"wp-block-columns alignwide is-layout-flex wp-container-core-columns-is-layout-28f84493 wp-block-columns-is-layout-flex\" id=\"Team\">\n<div class=\"wp-block-column is-vertically-aligned-center has-global-padding is-content-justification-left is-layout-constrained wp-container-core-column-is-layout-614074b5 wp-block-column-is-layout-constrained\">\n<h3 class=\"wp-block-heading has-primary-color has-text-color has-link-color has-albert-sans-font-family has-xx-large-font-size wp-elements-b11e826b51de7325f44da5253db02d93\"><strong>Mads Andresen<\/strong><\/h3>\n\n\n\n<p class=\"has-albert-sans-font-family\"><strong>Gesch\u00e4ftsf\u00fchrer<\/strong><br>Altlasten, Deponien, Hydrogeologie<\/p>\n\n\n\n<p class=\"has-albert-sans-font-family\">Seit 2024 ist Mads Andresen Gesellschafter der IFAH GmbH und gestaltet als Teil der Gesch\u00e4ftsf\u00fchrung die Zukunft des Unternehmens aktiv mit. Durch sein Bachelorstudium der Geowissenschaften und den berufsbegleitenden Master in \u201eWasser und Umwelt\u201c verbindet er seit 2019 als Teil unseres Teams die Naturwissenschaft mit ingenieurtechnischen Aspekten.<br><br>Sein thematischer Schwerpunkt liegt auf der Projektsteuerung und der Begleitung von Genehmigungsverfahren in den Bereichen Abfall-, Berg-, Bodenschutz- und Wasserrecht. Besonderes Augenmerk richtet er auf die \u00dcberwachung, Stilllegung und Rekultivierung von Deponien sowie auf die Bearbeitung von Altlasten. Ebenso ist er spezialisiert auf den R\u00fcckbau und die Wiedernutzbarmachung von Anlagenstandorten, insbesondere der E&amp;P-Industrie.<\/p>\n<\/div>\n\n\n\n<div class=\"wp-block-column is-vertically-aligned-bottom is-layout-flow wp-block-column-is-layout-flow\">\n<figure class=\"wp-block-image size-full has-custom-border\" style=\"margin-bottom:var(--wp--preset--spacing--80)\"><img decoding=\"async\" src=\"https:\/\/ifah85.wordpress.com\/wp-content\/uploads\/2025\/04\/img_0037-e1745921714223.jpg\" alt=\"\" class=\"wp-image-206\" style=\"border-style:none;border-width:0px;border-radius:100px;aspect-ratio:1;object-fit:cover\"\/><\/figure>\n<\/div>\n<\/div>\n\n\n\n<div style=\"height:100px\" aria-hidden=\"true\" class=\"wp-block-spacer\"><\/div>\n<\/div>\n\n\n\n<div class=\"wp-block-group alignfull has-global-padding is-content-justification-center is-layout-constrained wp-block-group-is-layout-constrained\" style=\"margin-top:0;margin-bottom:0;padding-top:var(--wp--preset--spacing--40);padding-bottom:var(--wp--preset--spacing--40)\">\n<div class=\"wp-block-columns alignwide is-layout-flex wp-container-core-columns-is-layout-28f84493 wp-block-columns-is-layout-flex\">\n<div class=\"wp-block-column is-vertically-aligned-bottom is-layout-flow wp-block-column-is-layout-flow\">\n<figure class=\"wp-block-image size-full has-custom-border\"><img decoding=\"async\" src=\"https:\/\/ifah85.wordpress.com\/wp-content\/uploads\/2025\/04\/img_0016-e1745921459729.jpg\" alt=\"\" class=\"wp-image-226\" style=\"border-radius:100px;aspect-ratio:1;object-fit:cover\"\/><\/figure>\n<\/div>\n\n\n\n<div class=\"wp-block-column is-vertically-aligned-center has-global-padding is-content-justification-center is-layout-constrained wp-container-core-column-is-layout-18c31ee1 wp-block-column-is-layout-constrained\">\n<h3 class=\"wp-block-heading has-primary-color has-text-color has-link-color has-mona-sans-font-family has-xx-large-font-size wp-elements-25a5a49538119536fac813f53bebcfd7\"><strong>Katharina Koch<\/strong><\/h3>\n\n\n\n<p class=\"has-mona-sans-font-family\"><strong>Gesch\u00e4ftsf\u00fchrerin<\/strong><br>Bereich Verwaltung, Buchhaltung, Personalwesen<\/p>\n\n\n\n<p class=\"has-mona-sans-font-family\">Katharina Koch ist als Gesch\u00e4ftsf\u00fchrerin der fr\u00fcheren ifah Verwaltungsgesellschaft mbH seit 2016 Teil des Unternehmens und f\u00fchrt auch weiterhin als Gesellschafterin die Gesch\u00e4fte der IFAH GmbH.<br><br>Sie setzt als Industriekauffrau und B.Sc. Wirtschaftswissenschaften ihre Schwerpunkte auf die Bereiche \u201eUnternehmensf\u00fchrung und Organisation\u201c sowie \u201eControlling\u201c.<br>Katharina Koch verbindet die organisatorischen, verwaltenden und kaufm\u00e4nnischen T\u00e4tigkeiten in unserem vielseitigen Unternehmen.<\/p>\n<\/div>\n<\/div>\n\n\n\n<div style=\"height:100px\" aria-hidden=\"true\" class=\"wp-block-spacer\"><\/div>\n<\/div>\n\n\n\n<div class=\"wp-block-group alignfull has-global-padding is-content-justification-center is-layout-constrained wp-block-group-is-layout-constrained\" style=\"margin-top:0;margin-bottom:0;padding-top:var(--wp--preset--spacing--40);padding-bottom:var(--wp--preset--spacing--40)\">\n<div class=\"wp-block-columns alignwide is-layout-flex wp-container-core-columns-is-layout-28f84493 wp-block-columns-is-layout-flex\">\n<div class=\"wp-block-column is-vertically-aligned-center has-global-padding is-content-justification-left is-layout-constrained wp-container-core-column-is-layout-614074b5 wp-block-column-is-layout-constrained\">\n<h2 class=\"wp-block-heading has-primary-color has-text-color has-link-color has-mona-sans-font-family has-xx-large-font-size wp-elements-db7c709026321901d3276c2ab15eb1bb\"><strong>Florian Gehring<\/strong><\/h2>\n\n\n\n<p class=\"has-mona-sans-font-family\"><strong>Gesch\u00e4ftsf\u00fchrer<\/strong><br>Bereich Kampfmittelr\u00e4umung<\/p>\n\n\n\n<p class=\"has-mona-sans-font-family\">Florian Gehring ist seit 2024 Gesellschafter und Teil der Gesch\u00e4ftsf\u00fchrung der IFAH GmbH. Nach dem Abschluss seines Masterstudiums \u201eLandschaftswissenschaften\u201c 2017 war er zun\u00e4chst als Projektentwickler f\u00fcr Windenergievorhaben t\u00e4tig, seit 2019 ist Herr Gehring Teil unseres Teams. <br><br>Seinen thematischen Schwerpunkt legte er schnell auf Ingenieurleistungen in der Kampfmittelr\u00e4umung. 2022 schloss er die postgraduale akademische Zusatzausbildung zum \u201cFachplaner Kampfmittelr\u00e4umung\u201d am Institut f\u00fcr Grundbau und Bodenmechanik der Universit\u00e4t der Bundeswehr M\u00fcnchen erfolgreich ab. Mit seinem Fachwissen und seiner gewonnenen Erfahrung entwickelt er konstruktive L\u00f6sungen in vielf\u00e4ltigen und komplexen Aufgabenstellungen.<\/p>\n<\/div>\n\n\n\n<div class=\"wp-block-column is-vertically-aligned-bottom is-layout-flow wp-block-column-is-layout-flow\">\n<figure class=\"wp-block-image size-full has-custom-border\" style=\"margin-bottom:var(--wp--preset--spacing--80)\"><img decoding=\"async\" src=\"https:\/\/ifah85.wordpress.com\/wp-content\/uploads\/2025\/04\/img_0060-e1745921608125.jpg\" alt=\"\" class=\"wp-image-227\" style=\"border-radius:100px;aspect-ratio:1;object-fit:cover\"\/><\/figure>\n<\/div>\n<\/div>\n\n\n\n<div style=\"height:23px\" aria-hidden=\"true\" class=\"wp-block-spacer\"><\/div>\n\n\n\n<div style=\"height:100px\" aria-hidden=\"true\" class=\"wp-block-spacer\"><\/div>\n<\/div>\n\n\n\n<div class=\"wp-block-columns alignfull has-base-color has-text-color has-background has-link-color wp-elements-1e94b1db91751478150b42b6191438c3 is-layout-flex wp-container-core-columns-is-layout-4bd44da7 wp-block-columns-is-layout-flex\" style=\"background-color:#020048;margin-top:0;margin-bottom:0;padding-top:0;padding-right:0;padding-bottom:0;padding-left:0\">\n<div class=\"wp-block-column is-vertically-aligned-center is-layout-flow wp-block-column-is-layout-flow\" style=\"flex-basis:50%\">\n<figure class=\"wp-block-image size-full\"><img decoding=\"async\" src=\"https:\/\/ifah85.wordpress.com\/wp-content\/uploads\/2024\/12\/image2.jpeg\" alt=\"\" class=\"wp-image-399\" style=\"aspect-ratio:3\/2;object-fit:cover\"\/><\/figure>\n<\/div>\n\n\n\n<div class=\"wp-block-column is-vertically-aligned-center is-layout-flow wp-block-column-is-layout-flow\" style=\"padding-top:0;padding-right:0;padding-bottom:0;padding-left:0;flex-basis:50%\">\n<div class=\"wp-block-group has-global-padding is-layout-constrained wp-container-core-group-is-layout-b04b017e wp-block-group-is-layout-constrained\" style=\"padding-top:var(--wp--preset--spacing--70);padding-right:10%;padding-bottom:var(--wp--preset--spacing--70);padding-left:10%\">\n<h2 class=\"wp-block-heading has-mona-sans-font-family\" style=\"font-size:clamp(1.551rem, 1.551rem + ((1vw - 0.2rem) * 1.759), 2.6rem);\">Wir suchen Dich f\u00fcr unser Team!<\/h2>\n\n\n\n<p class=\"has-mona-sans-font-family\">Sie sind auf der Suche nach einer neuen Herausforderung im Bereich Hydrogeologie und Geowissenschaften? <br>Dann schauen Sie doch mal auf unserem Stellenportal vorbei. <\/p>\n\n\n\n<div class=\"wp-block-buttons is-layout-flex wp-block-buttons-is-layout-flex\">\n<div class=\"wp-block-button is-style-outline is-style-outline--2\"><a class=\"wp-block-button__link has-base-color has-text-color has-link-color has-border-color has-base-border-color has-mona-sans-font-family wp-element-button\" href=\"https:\/\/ifah.de\/?page_id=31\" style=\"border-width:2px\">Stellenportal<\/a><\/div>\n<\/div>\n<\/div>\n<\/div>\n<\/div>\n","protected":false},"excerpt":{"rendered":"<p>IFAH &#8211; Ihr Partner f\u00fcr Ingenieursdienstleistungen. Unsere Historie begann bereits vor fast 40 Jahren &#8211;davon profitieren wir bis heute. Fast 40 Jahre Kompetenz &#8211;unsere Historie Das INSTITUT F\u00dcR ANGEWANDTE HYDROGEOLOGIE wurde im Jahr 1987 als \u201eGesellschaft b\u00fcrgerlichen Rechts\u201c (GbR) gegr\u00fcndet. Zu Beginn der T\u00e4tigkeit der IFAH GbR \u00fcberwogen klassische Fragestellungen der Hydrogeologie und der Altlastenbearbeitung. [&hellip;]<\/p>\n","protected":false},"author":2,"featured_media":0,"parent":0,"menu_order":0,"comment_status":"closed","ping_status":"closed","template":"","meta":{"footnotes":""},"class_list":["post-29","page","type-page","status-publish","hentry"],"_links":{"self":[{"href":"https:\/\/ifah.de\/index.php?rest_route=\/wp\/v2\/pages\/29","targetHints":{"allow":["GET"]}}],"collection":[{"href":"https:\/\/ifah.de\/index.php?rest_route=\/wp\/v2\/pages"}],"about":[{"href":"https:\/\/ifah.de\/index.php?rest_route=\/wp\/v2\/types\/page"}],"author":[{"embeddable":true,"href":"https:\/\/ifah.de\/index.php?rest_route=\/wp\/v2\/users\/2"}],"replies":[{"embeddable":true,"href":"https:\/\/ifah.de\/index.php?rest_route=%2Fwp%2Fv2%2Fcomments&post=29"}],"version-history":[{"count":5,"href":"https:\/\/ifah.de\/index.php?rest_route=\/wp\/v2\/pages\/29\/revisions"}],"predecessor-version":[{"id":496,"href":"https:\/\/ifah.de\/index.php?rest_route=\/wp\/v2\/pages\/29\/revisions\/496"}],"wp:attachment":[{"href":"https:\/\/ifah.de\/index.php?rest_route=%2Fwp%2Fv2%2Fmedia&parent=29"}],"curies":[{"name":"wp","href":"https:\/\/api.w.org\/{rel}","templated":true}]}}