{"id":290,"date":"2025-12-18T16:19:27","date_gmt":"2025-12-18T15:19:27","guid":{"rendered":"https:\/\/ifah85.wordpress.com\/?page_id=290"},"modified":"2026-02-18T08:35:32","modified_gmt":"2026-02-18T08:35:32","slug":"deponiebau-und-uberwachung","status":"publish","type":"page","link":"https:\/\/ifah.de\/?page_id=290","title":{"rendered":"Deponiebau und -\u00fcberwachung"},"content":{"rendered":"\n<div class=\"wp-block-group alignfull is-style-section-1 has-global-padding is-content-justification-center is-layout-constrained wp-container-core-group-is-layout-b82d3f36 wp-block-group-is-layout-constrained\" style=\"margin-top:0;margin-bottom:0;padding-top:var(--wp--preset--spacing--40);padding-bottom:var(--wp--preset--spacing--40)\">\n<div class=\"wp-block-columns alignwide is-layout-flex wp-container-core-columns-is-layout-3971d7d7 wp-block-columns-is-layout-flex\">\n<div class=\"wp-block-column is-layout-flow wp-container-core-column-is-layout-8a368f38 wp-block-column-is-layout-flow\">\n<div class=\"wp-block-group is-vertical is-nowrap is-layout-flex wp-container-core-group-is-layout-5acb760c wp-block-group-is-layout-flex\">\n<figure class=\"wp-block-image size-large wp-duotone-unset-1\"><img decoding=\"async\" src=\"https:\/\/ifah85.wordpress.com\/wp-content\/uploads\/2025\/11\/img_9193-1.jpeg?w=1024\" alt=\"\" class=\"wp-image-334\" style=\"aspect-ratio:1;object-fit:cover\"\/><\/figure>\n<\/div>\n<\/div>\n\n\n\n<div class=\"wp-block-column is-layout-flow wp-container-core-column-is-layout-8a368f38 wp-block-column-is-layout-flow\">\n<div class=\"wp-block-group is-vertical is-layout-flex wp-container-core-group-is-layout-c35747d5 wp-block-group-is-layout-flex\">\n<figure class=\"wp-block-image size-large wp-duotone-unset-2\"><img decoding=\"async\" src=\"https:\/\/ifah85.wordpress.com\/wp-content\/uploads\/2025\/11\/img_9257.jpeg?w=768\" alt=\"\" class=\"wp-image-333\" style=\"aspect-ratio:1;object-fit:cover\"\/><\/figure>\n<\/div>\n<\/div>\n\n\n\n<div class=\"wp-block-column is-layout-flow wp-container-core-column-is-layout-8a368f38 wp-block-column-is-layout-flow\">\n<div class=\"wp-block-group is-vertical is-layout-flex wp-container-core-group-is-layout-c35747d5 wp-block-group-is-layout-flex\">\n<figure class=\"wp-block-image size-large wp-duotone-unset-3\"><img decoding=\"async\" src=\"https:\/\/ifah85.wordpress.com\/wp-content\/uploads\/2025\/11\/knapsack-tonbandeinschnitt_ris.jpg?w=1024\" alt=\"\" class=\"wp-image-332\" style=\"aspect-ratio:1;object-fit:cover\"\/><\/figure>\n<\/div>\n<\/div>\n<\/div>\n<\/div>\n\n\n\n<div class=\"wp-block-group alignfull has-mona-sans-font-family has-global-padding is-content-justification-center is-layout-constrained wp-block-group-is-layout-constrained\" style=\"margin-top:0;margin-bottom:0;padding-top:var(--wp--preset--spacing--50);padding-bottom:var(--wp--preset--spacing--50)\">\n<div class=\"wp-block-columns alignwide is-layout-flex wp-container-core-columns-is-layout-28f84493 wp-block-columns-is-layout-flex\">\n<div class=\"wp-block-column is-vertically-aligned-center is-layout-flow wp-block-column-is-layout-flow\">\n<h2 class=\"wp-block-heading has-secondary-color has-text-color has-link-color has-albert-sans-font-family wp-elements-dddfa940c67d90865a777482a47fe048\" style=\"font-size:clamp(25.014px, 1.563rem + ((1vw - 3.2px) * 1.781), 42px);\"><strong>Deponiebau und -\u00fcberwachung<\/strong><\/h2>\n\n\n\n<p class=\"is-contact-description has-albert-sans-font-family\">Angesichts sinkender Deponiekapazit\u00e4ten, begrenzter Verwertungsm\u00f6glichkeiten und politischer Forderungen nach einer ressourcenschonenden Kreislaufwirtschaft r\u00fcckt der sichere und regelkonforme Betrieb von Deponien wieder st\u00e4rker in den Fokus. Wir bieten umfassende Leistungen im Bereich Deponiebau und -\u00fcberwachung \u2013 von der technisch-wirtschaftlichen Planung \u00fcber die baubegleitende Kontrolle bis hin zur Nachsorge und Langzeit\u00fcberwachung.<br>Ob Neubau, Erweiterung oder Stilllegung von Deponien \u2013 wir unterst\u00fctzen Sie bei der Umsetzung aktueller rechtlicher Anforderungen und stellen sicher, dass alle Ma\u00dfnahmen umweltvertr\u00e4glich, genehmigungsf\u00e4hig und zukunftssicher geplant und umgesetzt werden. Unser Fokus liegt auf nachhaltigen L\u00f6sungen f\u00fcr eine sichere Ablagerung von nicht verwertbaren Abf\u00e4llen \u2013 auch vor dem Hintergrund zunehmender Fl\u00e4chenkonkurrenz und wachsender regulatorischer Anforderungen.<\/p>\n\n\n\n<p class=\"has-secondary-color has-text-color has-link-color has-albert-sans-font-family wp-elements-aee429d858570704de64f569b2d9d6a6\" style=\"font-size:clamp(21.536px, 1.346rem + ((1vw - 3.2px) * 1.411), 35px);\">Deponiebau<\/p>\n\n\n\n<p class=\"has-albert-sans-font-family\">Wir begleiten Sie fachkundig bei der Planung, Genehmigung und Umsetzung von Deponieprojekten \u2013 von der Standortbewertung \u00fcber die technische Planung bis hin zur Begleitung w\u00e4hrend der Umsetzung. Mit fundierter Expertise stellen wir sicher, dass Ihr Projekt technisch, wirtschaftlich und rechtlich auf solidem Fundament steht und bieten insbesondere Folgende Leistungen in diesem Fachbereich an:<\/p>\n\n\n\n<ul class=\"wp-block-list\">\n<li class=\"has-albert-sans-font-family\">Konzeption von Untersuchungsma\u00dfnahmen (z.B. Bohrarbeiten, Grundwasserprobenahmen, geotechnische Untersuchungen) im Rahmen der ingenieurtechnischen Bearbeitung<\/li>\n\n\n\n<li class=\"has-albert-sans-font-family\">Technische Planungen f\u00fcr Deponieneubau bzw. -erweiterung (technische Barriere, Basis-\/Zwischenabdichtung, Sickerwasser, Deponiegas, Infrastruktur)<\/li>\n\n\n\n<li class=\"has-albert-sans-font-family\">planerische Ber\u00fccksichtigung von Fragen des Umwelt- und Naturschutzes im Rahmen der Konzeption und Ausf\u00fchrung<\/li>\n\n\n\n<li class=\"has-albert-sans-font-family\">Technische Planungen f\u00fcr Deponie-Stilllegungen\/-Rekultivierungen (Umlagerung\/Profilierung, Oberfl\u00e4chenabdichtung, Deponiegas, Infrastruktur)<\/li>\n\n\n\n<li class=\"has-albert-sans-font-family\">Fachplanung und Durchf\u00fchrung bzw. Begleitung von Nachsorgema\u00dfnahmen<\/li>\n<\/ul>\n\n\n\n<p class=\"has-secondary-color has-text-color has-link-color has-albert-sans-font-family wp-elements-a5c1c94b4d4e693343baece04ff24e17\" style=\"font-size:clamp(21.536px, 1.346rem + ((1vw - 3.2px) * 1.411), 35px);\">Deponie\u00fcberwachung<\/p>\n\n\n\n<p class=\"has-albert-sans-font-family\">Auch nach der Stilllegung einer Deponie ist eine fachkundige \u00dcberwachung entscheidend f\u00fcr den langfristigen Schutz von Boden, Grundwasser und Umwelt. Wir bieten ein breites Leistungsspektrum an Planungs- und Gutachterleistungen zur \u00dcberwachung und Begleitung von Deponien in der Nachsorgephase. Dabei \u00fcbernehmen wir sowohl die Auswertung laufender Monitoringma\u00dfnahmen als auch die Planung und Optimierung von Kontroll- und Sicherungssystemen \u2013 stets im Einklang mit den Anforderungen der Deponieverordnung und in Abstimmung mit den zust\u00e4ndigen Beh\u00f6rden.<\/p>\n\n\n\n<ul class=\"wp-block-list\">\n<li class=\"has-albert-sans-font-family\">Erarbeitung, Fortschreibung und Durchf\u00fchrung bzw. Begleitung von Nachsorge- und Monitoringkonzepten<\/li>\n\n\n\n<li class=\"has-albert-sans-font-family\">Erstellen von Deponiejahresberichten<\/li>\n\n\n\n<li class=\"has-albert-sans-font-family\">Auswertung von Daten zu Sicker- und Grundwasser sowie Deponiegas<\/li>\n\n\n\n<li class=\"has-albert-sans-font-family\">Ausarbeitung von Deponiegasprognosen<\/li>\n\n\n\n<li class=\"has-albert-sans-font-family\">GNSS-Vermessung im Gel\u00e4nde<\/li>\n\n\n\n<li class=\"has-albert-sans-font-family\">Durchf\u00fchrung und Auswertung von Setzungs- und Verformungsmessungen mit GNSS<\/li>\n\n\n\n<li class=\"has-albert-sans-font-family\">Beurteilung des biologischen Zustands bzw. des Langzeitverhaltens von Deponiek\u00f6rpern als Grundlage der Stilllegung<\/li>\n<\/ul>\n<\/div>\n<\/div>\n<\/div>\n\n\n\n<div class=\"wp-block-group alignfull is-style-section-1 has-global-padding is-content-justification-center is-layout-constrained wp-container-core-group-is-layout-b82d3f36 wp-block-group-is-layout-constrained\" style=\"margin-top:0;margin-bottom:0;padding-top:var(--wp--preset--spacing--40);padding-bottom:var(--wp--preset--spacing--40)\">\n<div class=\"wp-block-columns alignwide is-layout-flex wp-container-core-columns-is-layout-3971d7d7 wp-block-columns-is-layout-flex\">\n<div class=\"wp-block-column is-layout-flow wp-container-core-column-is-layout-8a368f38 wp-block-column-is-layout-flow\">\n<div class=\"wp-block-group is-vertical is-nowrap is-layout-flex wp-container-core-group-is-layout-5acb760c wp-block-group-is-layout-flex\">\n<figure class=\"wp-block-image size-large wp-duotone-unset-4\"><img decoding=\"async\" src=\"https:\/\/ifah85.wordpress.com\/wp-content\/uploads\/2025\/11\/img_9200.jpeg?w=1024\" alt=\"\" class=\"wp-image-341\" style=\"aspect-ratio:1;object-fit:cover\"\/><\/figure>\n<\/div>\n<\/div>\n\n\n\n<div class=\"wp-block-column is-layout-flow wp-container-core-column-is-layout-8a368f38 wp-block-column-is-layout-flow\">\n<div class=\"wp-block-group is-vertical is-layout-flex wp-container-core-group-is-layout-c35747d5 wp-block-group-is-layout-flex\">\n<figure class=\"wp-block-image size-large wp-duotone-unset-5\"><img decoding=\"async\" src=\"https:\/\/ifah85.wordpress.com\/wp-content\/uploads\/2025\/11\/img_20220630_113129.jpg?w=1024\" alt=\"\" class=\"wp-image-343\" style=\"aspect-ratio:1;object-fit:cover\"\/><\/figure>\n<\/div>\n<\/div>\n\n\n\n<div class=\"wp-block-column is-layout-flow wp-container-core-column-is-layout-8a368f38 wp-block-column-is-layout-flow\">\n<div class=\"wp-block-group is-vertical is-layout-flex wp-container-core-group-is-layout-c35747d5 wp-block-group-is-layout-flex\">\n<figure class=\"wp-block-image size-large wp-duotone-unset-6\"><img decoding=\"async\" src=\"https:\/\/ifah85.wordpress.com\/wp-content\/uploads\/2025\/11\/582_aschen_awg.jpg?w=1024\" alt=\"\" class=\"wp-image-339\" style=\"aspect-ratio:1;object-fit:cover\"\/><\/figure>\n<\/div>\n<\/div>\n<\/div>\n\n\n\n<div style=\"height:73px\" aria-hidden=\"true\" class=\"wp-block-spacer\"><\/div>\n<\/div>\n\n\n\n<div class=\"wp-block-group alignfull is-style-default has-global-padding is-content-justification-center is-layout-constrained wp-container-core-group-is-layout-03d2f028 wp-block-group-is-layout-constrained\" style=\"margin-top:0;margin-bottom:0;padding-top:var(--wp--preset--spacing--50);padding-bottom:var(--wp--preset--spacing--50)\">\n<div class=\"wp-block-group alignwide is-layout-flow wp-block-group-is-layout-flow\" style=\"margin-top:0;margin-bottom:0\">\n<div class=\"wp-block-group alignwide has-global-padding is-layout-constrained wp-container-core-group-is-layout-346627ba wp-block-group-is-layout-constrained\">\n<div class=\"wp-block-columns alignwide is-layout-flex wp-container-core-columns-is-layout-08c01c1c wp-block-columns-is-layout-flex\">\n<div class=\"wp-block-column is-layout-flow wp-block-column-is-layout-flow\" style=\"flex-basis:32.90938%\">\n<div class=\"wp-block-cover has-custom-content-position is-position-bottom-center has-base-color has-text-color has-link-color wp-elements-d975cc4282181a6c3d447e64b753fbcd wp-container-content-9cfa9a5a\" style=\"border-radius:28px;padding-top:var(--wp--preset--spacing--60);padding-right:var(--wp--preset--spacing--60);padding-bottom:var(--wp--preset--spacing--60);padding-left:var(--wp--preset--spacing--60);min-height:387px;aspect-ratio:unset;\"><img decoding=\"async\" class=\"wp-block-cover__image-background wp-image-206 size-full\" alt=\"\" src=\"https:\/\/ifah85.wordpress.com\/wp-content\/uploads\/2025\/04\/img_0037-e1745921714223.jpg\" data-object-fit=\"cover\"\/><span aria-hidden=\"true\" class=\"wp-block-cover__background has-background-dim-0 has-background-dim has-background-gradient\" style=\"background-color:#52626d;background:linear-gradient(180deg,rgba(0,0,0,0) 0%,rgb(0,0,0) 76%)\"><\/span><div class=\"wp-block-cover__inner-container is-layout-flow wp-block-cover-is-layout-flow\">\n<div style=\"height:340px\" aria-hidden=\"true\" class=\"wp-block-spacer\"><\/div>\n<\/div><\/div>\n<\/div>\n\n\n\n<div class=\"wp-block-column is-layout-flow wp-container-core-column-is-layout-119bc444 wp-block-column-is-layout-flow\" style=\"flex-basis:67.09062%\">\n<div class=\"wp-block-group has-base-color has-primary-background-color has-text-color has-background has-link-color wp-elements-7025390c180f9ff219b57982c0552c1f is-vertical is-layout-flex wp-container-core-group-is-layout-80882bac wp-block-group-is-layout-flex\" style=\"border-radius:28px;padding-top:var(--wp--preset--spacing--60);padding-right:var(--wp--preset--spacing--60);padding-bottom:var(--wp--preset--spacing--60);padding-left:var(--wp--preset--spacing--60)\">\n<h2 class=\"wp-block-heading has-mona-sans-font-family has-x-large-font-size\">Sie haben Fragen?<\/h2>\n\n\n\n<p class=\"has-mona-sans-font-family\">Unser Expertenteam steht Ihnen gerne beratend zur Seite.<br>\u00dcber unser Kontaktformular oder per Mail sowie telefonisch k\u00f6nnen Sie uns w\u00e4hrend unserer Gesch\u00e4ftszeiten erreichen.<\/p>\n\n\n\n<div class=\"wp-block-buttons is-layout-flex wp-block-buttons-is-layout-flex\">\n<div class=\"wp-block-button is-style-outline is-style-outline--7\"><a class=\"wp-block-button__link has-base-color has-text-color has-link-color has-border-color has-base-border-color has-mona-sans-font-family wp-element-button\" href=\"#Kontaktformular\" style=\"border-width:2px\">Kontakt aufnehmen<\/a><\/div>\n<\/div>\n<\/div>\n\n\n\n<div class=\"wp-block-columns is-layout-flex wp-container-core-columns-is-layout-08c01c1c wp-block-columns-is-layout-flex\">\n<div class=\"wp-block-column is-layout-flow wp-block-column-is-layout-flow\"><\/div>\n\n\n\n<div class=\"wp-block-column is-layout-flow wp-block-column-is-layout-flow\"><\/div>\n<\/div>\n<\/div>\n<\/div>\n<\/div>\n\n\n\n<div class=\"wp-block-group alignwide is-layout-flow wp-block-group-is-layout-flow\">\n<div style=\"height:20px\" aria-hidden=\"true\" class=\"wp-block-spacer\"><\/div>\n\n\n\n<hr class=\"wp-block-separator has-alpha-channel-opacity is-style-dots\"\/>\n<\/div>\n<\/div>\n<\/div>\n","protected":false},"excerpt":{"rendered":"<p>Deponiebau und -\u00fcberwachung Angesichts sinkender Deponiekapazit\u00e4ten, begrenzter Verwertungsm\u00f6glichkeiten und politischer Forderungen nach einer ressourcenschonenden Kreislaufwirtschaft r\u00fcckt der sichere und regelkonforme Betrieb von Deponien wieder st\u00e4rker in den Fokus. Wir bieten umfassende Leistungen im Bereich Deponiebau und -\u00fcberwachung \u2013 von der technisch-wirtschaftlichen Planung \u00fcber die baubegleitende Kontrolle bis hin zur Nachsorge und Langzeit\u00fcberwachung.Ob Neubau, Erweiterung oder [&hellip;]<\/p>\n","protected":false},"author":2,"featured_media":0,"parent":0,"menu_order":0,"comment_status":"closed","ping_status":"closed","template":"","meta":{"footnotes":""},"class_list":["post-290","page","type-page","status-publish","hentry"],"_links":{"self":[{"href":"https:\/\/ifah.de\/index.php?rest_route=\/wp\/v2\/pages\/290","targetHints":{"allow":["GET"]}}],"collection":[{"href":"https:\/\/ifah.de\/index.php?rest_route=\/wp\/v2\/pages"}],"about":[{"href":"https:\/\/ifah.de\/index.php?rest_route=\/wp\/v2\/types\/page"}],"author":[{"embeddable":true,"href":"https:\/\/ifah.de\/index.php?rest_route=\/wp\/v2\/users\/2"}],"replies":[{"embeddable":true,"href":"https:\/\/ifah.de\/index.php?rest_route=%2Fwp%2Fv2%2Fcomments&post=290"}],"version-history":[{"count":2,"href":"https:\/\/ifah.de\/index.php?rest_route=\/wp\/v2\/pages\/290\/revisions"}],"predecessor-version":[{"id":501,"href":"https:\/\/ifah.de\/index.php?rest_route=\/wp\/v2\/pages\/290\/revisions\/501"}],"wp:attachment":[{"href":"https:\/\/ifah.de\/index.php?rest_route=%2Fwp%2Fv2%2Fmedia&parent=290"}],"curies":[{"name":"wp","href":"https:\/\/api.w.org\/{rel}","templated":true}]}}