{"id":292,"date":"2025-12-18T16:20:27","date_gmt":"2025-12-18T15:20:27","guid":{"rendered":"https:\/\/ifah85.wordpress.com\/?page_id=292"},"modified":"2026-02-18T08:36:30","modified_gmt":"2026-02-18T08:36:30","slug":"hydrogeologie","status":"publish","type":"page","link":"https:\/\/ifah.de\/?page_id=292","title":{"rendered":"Hydrogeologie"},"content":{"rendered":"\n<div class=\"wp-block-group alignfull is-style-section-1 has-global-padding is-content-justification-center is-layout-constrained wp-container-core-group-is-layout-b82d3f36 wp-block-group-is-layout-constrained\" style=\"margin-top:0;margin-bottom:0;padding-top:var(--wp--preset--spacing--40);padding-bottom:var(--wp--preset--spacing--40)\">\n<div class=\"wp-block-columns alignwide is-layout-flex wp-container-core-columns-is-layout-3971d7d7 wp-block-columns-is-layout-flex\">\n<div class=\"wp-block-column is-layout-flow wp-container-core-column-is-layout-8a368f38 wp-block-column-is-layout-flow\">\n<div class=\"wp-block-group is-vertical is-nowrap is-layout-flex wp-container-core-group-is-layout-5acb760c wp-block-group-is-layout-flex\">\n<figure class=\"wp-block-image size-large wp-duotone-unset-1\"><img decoding=\"async\" src=\"https:\/\/ifah85.wordpress.com\/wp-content\/uploads\/2025\/11\/img_1912.jpeg?w=883\" alt=\"\" class=\"wp-image-346\" style=\"aspect-ratio:1;object-fit:cover\"\/><\/figure>\n<\/div>\n<\/div>\n\n\n\n<div class=\"wp-block-column is-layout-flow wp-container-core-column-is-layout-8a368f38 wp-block-column-is-layout-flow\">\n<div class=\"wp-block-group is-vertical is-layout-flex wp-container-core-group-is-layout-c35747d5 wp-block-group-is-layout-flex\">\n<figure class=\"wp-block-image size-large wp-duotone-unset-2\"><img decoding=\"async\" src=\"https:\/\/ifah85.wordpress.com\/wp-content\/uploads\/2025\/11\/512_stfh-z2.jpg?w=882\" alt=\"\" class=\"wp-image-348\" style=\"aspect-ratio:1;object-fit:cover\"\/><\/figure>\n<\/div>\n<\/div>\n\n\n\n<div class=\"wp-block-column is-layout-flow wp-container-core-column-is-layout-8a368f38 wp-block-column-is-layout-flow\">\n<div class=\"wp-block-group is-vertical is-layout-flex wp-container-core-group-is-layout-c35747d5 wp-block-group-is-layout-flex\">\n<figure class=\"wp-block-image size-large wp-duotone-unset-3\"><img decoding=\"async\" src=\"https:\/\/ifah85.wordpress.com\/wp-content\/uploads\/2025\/11\/gw-probenahme-1.jpeg?w=1024\" alt=\"\" class=\"wp-image-347\" style=\"aspect-ratio:1;object-fit:cover\"\/><\/figure>\n<\/div>\n<\/div>\n<\/div>\n<\/div>\n\n\n\n<div class=\"wp-block-group alignfull has-mona-sans-font-family has-global-padding is-content-justification-center is-layout-constrained wp-block-group-is-layout-constrained\" style=\"margin-top:0;margin-bottom:0;padding-top:var(--wp--preset--spacing--50);padding-bottom:var(--wp--preset--spacing--50)\">\n<div class=\"wp-block-columns alignwide is-layout-flex wp-container-core-columns-is-layout-28f84493 wp-block-columns-is-layout-flex\">\n<div class=\"wp-block-column is-vertically-aligned-center is-layout-flow wp-block-column-is-layout-flow\">\n<h2 class=\"wp-block-heading has-secondary-color has-text-color has-link-color has-albert-sans-font-family wp-elements-4defab6b6168c54bc0b4770c466b4335\" style=\"font-size:clamp(26.944px, 1.684rem + ((1vw - 3.2px) * 1.997), 46px);\"><strong>Hydrogeologie<\/strong><\/h2>\n\n\n\n<p class=\"is-contact-description has-albert-sans-font-family\">Fundierte hydrogeologische Kenntnisse sind die Basis f\u00fcr nachhaltige Planungen und Ma\u00dfnahmen im Umgang mit Boden und Grundwasser. Wir bieten ein umfassendes Portfolio an Fachgutachter- und Planungsleistungen zur Erkundung und Bewertung von Boden- und Grundwasserprozessen. Ziel ist es, Risiken fr\u00fchzeitig zu erkennen, genehmigungsf\u00e4hige L\u00f6sungen zu entwickeln und einen verantwortungsvollen Umgang mit der Ressource Grundwasser sicherzustellen.<\/p>\n\n\n\n<ul class=\"wp-block-list has-albert-sans-font-family\">\n<li>Hydrogeologische Fachbaubegleitung bei Grundwasserschutzma\u00dfnahmen (z.B. Dichtw\u00e4nde)<\/li>\n\n\n\n<li style=\"padding-top:0;padding-bottom:0;line-height:1.5\">Technische Planungen und Begleitung zur Grundwassererschlie\u00dfung\/-gewinnung<\/li>\n\n\n\n<li>Konzeption von Untersuchungsma\u00dfnahmen (z.B. Sondierungen, Messstellenbau, Grundwasserprobenahmen, Laboranalysen)<\/li>\n\n\n\n<li>Planung, Begleitung und Auswertung von Boden- und Grundwassermonitoring<\/li>\n\n\n\n<li>Gef\u00e4hrdungsabsch\u00e4tzung<\/li>\n\n\n\n<li>Durchf\u00fchrung und Auswertung von Stichtagsmessungen<\/li>\n\n\n\n<li>Einrichtung und Betrieb von Datenloggern zur kontinuierlichen Datenaufzeichnung<\/li>\n\n\n\n<li>Durchf\u00fchrung und Auswertung von Versuchen zur Ermittlung der hydraulischen Durchl\u00e4ssigkeit des Grundwasserleiters (Kf-Wert)<\/li>\n\n\n\n<li>Bemessung von Bauwasserhaltungen und Wasserhaltungsanlagen<\/li>\n\n\n\n<li>Bemessung von Entw\u00e4sserungseinrichtungen (z.B. Rohre, Gr\u00e4ben) und Versickerungsanlagen (z.B. Rigolen, Mulden, Sch\u00e4chte)<\/li>\n\n\n\n<li>Erstellen von Wasserbilanzen<\/li>\n\n\n\n<li>Unterst\u00fctzung bei wasserrechtlichen Genehmigungsverfahren<\/li>\n<\/ul>\n<\/div>\n<\/div>\n<\/div>\n\n\n\n<div class=\"wp-block-group alignfull is-style-default has-global-padding is-content-justification-center is-layout-constrained wp-container-core-group-is-layout-03d2f028 wp-block-group-is-layout-constrained\" style=\"margin-top:0;margin-bottom:0;padding-top:var(--wp--preset--spacing--50);padding-bottom:var(--wp--preset--spacing--50)\">\n<div class=\"wp-block-group alignwide is-layout-flow wp-block-group-is-layout-flow\" style=\"margin-top:0;margin-bottom:0\">\n<div class=\"wp-block-group alignwide has-global-padding is-layout-constrained wp-container-core-group-is-layout-346627ba wp-block-group-is-layout-constrained\">\n<div class=\"wp-block-columns alignwide is-layout-flex wp-container-core-columns-is-layout-08c01c1c wp-block-columns-is-layout-flex\">\n<div class=\"wp-block-column is-layout-flow wp-block-column-is-layout-flow\" style=\"flex-basis:32.90938%\">\n<div class=\"wp-block-cover has-custom-content-position is-position-bottom-center has-base-color has-text-color has-link-color wp-elements-d975cc4282181a6c3d447e64b753fbcd wp-container-content-9cfa9a5a\" style=\"border-radius:28px;padding-top:var(--wp--preset--spacing--60);padding-right:var(--wp--preset--spacing--60);padding-bottom:var(--wp--preset--spacing--60);padding-left:var(--wp--preset--spacing--60);min-height:387px;aspect-ratio:unset;\"><img decoding=\"async\" class=\"wp-block-cover__image-background wp-image-206 size-full\" alt=\"\" src=\"https:\/\/ifah85.wordpress.com\/wp-content\/uploads\/2025\/04\/img_0037-e1745921714223.jpg\" data-object-fit=\"cover\"\/><span aria-hidden=\"true\" class=\"wp-block-cover__background has-background-dim-0 has-background-dim has-background-gradient\" style=\"background-color:#52626d;background:linear-gradient(180deg,rgba(0,0,0,0) 0%,rgb(0,0,0) 76%)\"><\/span><div class=\"wp-block-cover__inner-container is-layout-flow wp-block-cover-is-layout-flow\">\n<div style=\"height:340px\" aria-hidden=\"true\" class=\"wp-block-spacer\"><\/div>\n<\/div><\/div>\n<\/div>\n\n\n\n<div class=\"wp-block-column is-layout-flow wp-container-core-column-is-layout-119bc444 wp-block-column-is-layout-flow\" style=\"flex-basis:67.09062%\">\n<div class=\"wp-block-group has-base-color has-primary-background-color has-text-color has-background has-link-color wp-elements-7025390c180f9ff219b57982c0552c1f is-vertical is-layout-flex wp-container-core-group-is-layout-80882bac wp-block-group-is-layout-flex\" style=\"border-radius:28px;padding-top:var(--wp--preset--spacing--60);padding-right:var(--wp--preset--spacing--60);padding-bottom:var(--wp--preset--spacing--60);padding-left:var(--wp--preset--spacing--60)\">\n<h2 class=\"wp-block-heading has-mona-sans-font-family has-x-large-font-size\">Sie haben Fragen?<\/h2>\n\n\n\n<p class=\"has-mona-sans-font-family\">Unser Expertenteam steht Ihnen gerne beratend zur Seite.<br>\u00dcber unser Kontaktformular oder per Mail sowie telefonisch k\u00f6nnen Sie uns w\u00e4hrend unserer Gesch\u00e4ftszeiten erreichen.<\/p>\n\n\n\n<div class=\"wp-block-buttons is-layout-flex wp-block-buttons-is-layout-flex\">\n<div class=\"wp-block-button is-style-outline is-style-outline--4\"><a class=\"wp-block-button__link has-base-color has-text-color has-link-color has-border-color has-base-border-color has-mona-sans-font-family wp-element-button\" href=\"#Kontaktformular\" style=\"border-width:2px\">Kontakt aufnehmen<\/a><\/div>\n<\/div>\n<\/div>\n\n\n\n<div class=\"wp-block-columns is-layout-flex wp-container-core-columns-is-layout-08c01c1c wp-block-columns-is-layout-flex\">\n<div class=\"wp-block-column is-layout-flow wp-block-column-is-layout-flow\"><\/div>\n\n\n\n<div class=\"wp-block-column is-layout-flow wp-block-column-is-layout-flow\"><\/div>\n<\/div>\n<\/div>\n<\/div>\n<\/div>\n\n\n\n<div class=\"wp-block-group alignwide is-layout-flow wp-block-group-is-layout-flow\">\n<div style=\"height:20px\" aria-hidden=\"true\" class=\"wp-block-spacer\"><\/div>\n\n\n\n<hr class=\"wp-block-separator has-alpha-channel-opacity is-style-dots\"\/>\n<\/div>\n<\/div>\n<\/div>\n","protected":false},"excerpt":{"rendered":"<p>Hydrogeologie Fundierte hydrogeologische Kenntnisse sind die Basis f\u00fcr nachhaltige Planungen und Ma\u00dfnahmen im Umgang mit Boden und Grundwasser. Wir bieten ein umfassendes Portfolio an Fachgutachter- und Planungsleistungen zur Erkundung und Bewertung von Boden- und Grundwasserprozessen. Ziel ist es, Risiken fr\u00fchzeitig zu erkennen, genehmigungsf\u00e4hige L\u00f6sungen zu entwickeln und einen verantwortungsvollen Umgang mit der Ressource Grundwasser sicherzustellen. [&hellip;]<\/p>\n","protected":false},"author":2,"featured_media":0,"parent":0,"menu_order":0,"comment_status":"closed","ping_status":"closed","template":"","meta":{"footnotes":""},"class_list":["post-292","page","type-page","status-publish","hentry"],"_links":{"self":[{"href":"https:\/\/ifah.de\/index.php?rest_route=\/wp\/v2\/pages\/292","targetHints":{"allow":["GET"]}}],"collection":[{"href":"https:\/\/ifah.de\/index.php?rest_route=\/wp\/v2\/pages"}],"about":[{"href":"https:\/\/ifah.de\/index.php?rest_route=\/wp\/v2\/types\/page"}],"author":[{"embeddable":true,"href":"https:\/\/ifah.de\/index.php?rest_route=\/wp\/v2\/users\/2"}],"replies":[{"embeddable":true,"href":"https:\/\/ifah.de\/index.php?rest_route=%2Fwp%2Fv2%2Fcomments&post=292"}],"version-history":[{"count":2,"href":"https:\/\/ifah.de\/index.php?rest_route=\/wp\/v2\/pages\/292\/revisions"}],"predecessor-version":[{"id":502,"href":"https:\/\/ifah.de\/index.php?rest_route=\/wp\/v2\/pages\/292\/revisions\/502"}],"wp:attachment":[{"href":"https:\/\/ifah.de\/index.php?rest_route=%2Fwp%2Fv2%2Fmedia&parent=292"}],"curies":[{"name":"wp","href":"https:\/\/api.w.org\/{rel}","templated":true}]}}