{"id":294,"date":"2025-12-18T16:21:03","date_gmt":"2025-12-18T15:21:03","guid":{"rendered":"https:\/\/ifah85.wordpress.com\/?page_id=294"},"modified":"2026-02-18T08:37:34","modified_gmt":"2026-02-18T08:37:34","slug":"kampfmittelraumung","status":"publish","type":"page","link":"https:\/\/ifah.de\/?page_id=294","title":{"rendered":"Kampfmittelr\u00e4umung"},"content":{"rendered":"\n<div class=\"wp-block-group alignfull is-style-section-1 has-global-padding is-content-justification-center is-layout-constrained wp-container-core-group-is-layout-b82d3f36 wp-block-group-is-layout-constrained\" style=\"margin-top:0;margin-bottom:0;padding-top:var(--wp--preset--spacing--40);padding-bottom:var(--wp--preset--spacing--40)\">\n<div class=\"wp-block-columns alignwide is-layout-flex wp-container-core-columns-is-layout-3971d7d7 wp-block-columns-is-layout-flex\">\n<div class=\"wp-block-column is-layout-flow wp-container-core-column-is-layout-8a368f38 wp-block-column-is-layout-flow\">\n<div class=\"wp-block-group is-vertical is-nowrap is-layout-flex wp-container-core-group-is-layout-5acb760c wp-block-group-is-layout-flex\">\n<figure class=\"wp-block-image size-large wp-duotone-unset-1\"><img decoding=\"async\" src=\"https:\/\/ifah85.wordpress.com\/wp-content\/uploads\/2025\/11\/img_20200617_125322_optimized-1.jpg?w=1024\" alt=\"\" class=\"wp-image-357\" style=\"aspect-ratio:1;object-fit:cover\"\/><\/figure>\n<\/div>\n<\/div>\n\n\n\n<div class=\"wp-block-column is-layout-flow wp-container-core-column-is-layout-8a368f38 wp-block-column-is-layout-flow\">\n<div class=\"wp-block-group is-vertical is-layout-flex wp-container-core-group-is-layout-c35747d5 wp-block-group-is-layout-flex\">\n<figure class=\"wp-block-image size-large wp-duotone-unset-2\"><img decoding=\"async\" src=\"https:\/\/ifah85.wordpress.com\/wp-content\/uploads\/2025\/11\/img_20220223_172819.jpg?w=769\" alt=\"\" class=\"wp-image-353\" style=\"aspect-ratio:1;object-fit:cover\"\/><\/figure>\n<\/div>\n<\/div>\n\n\n\n<div class=\"wp-block-column is-layout-flow wp-container-core-column-is-layout-8a368f38 wp-block-column-is-layout-flow\">\n<div class=\"wp-block-group is-vertical is-layout-flex wp-container-core-group-is-layout-c35747d5 wp-block-group-is-layout-flex\">\n<figure class=\"wp-block-image size-large wp-duotone-unset-3\"><img decoding=\"async\" src=\"https:\/\/ifah85.wordpress.com\/wp-content\/uploads\/2025\/11\/img_20220131_120712-2.jpg?w=769\" alt=\"\" class=\"wp-image-354\" style=\"aspect-ratio:1;object-fit:cover\"\/><\/figure>\n<\/div>\n<\/div>\n<\/div>\n<\/div>\n\n\n\n<div class=\"wp-block-group alignfull has-mona-sans-font-family has-global-padding is-content-justification-center is-layout-constrained wp-block-group-is-layout-constrained\" style=\"margin-top:0;margin-bottom:0;padding-top:var(--wp--preset--spacing--50);padding-bottom:var(--wp--preset--spacing--50)\">\n<div class=\"wp-block-columns alignwide is-layout-flex wp-container-core-columns-is-layout-28f84493 wp-block-columns-is-layout-flex\">\n<div class=\"wp-block-column is-vertically-aligned-center is-layout-flow wp-block-column-is-layout-flow\">\n<h2 class=\"wp-block-heading has-secondary-color has-text-color has-link-color has-albert-sans-font-family wp-elements-4848084ddcba0851abd1aac1367af893\" style=\"font-size:clamp(26.465px, 1.654rem + ((1vw - 3.2px) * 1.943), 45px);\"><strong>Kampfmittelr\u00e4umung<\/strong><\/h2>\n\n\n\n<p class=\"is-contact-description has-albert-sans-font-family\">Wir \u00fcbernehmen die fachplanerische und gutachterliche Begleitung und Bearbeitung aller Phasen der Kampfmittelr\u00e4umung gem\u00e4\u00df der Baufachlichen Richtlinien Kampfmittelr\u00e4umung (BFR KMR). Von der Historisch-genetischen Rekonstruktion \u00fcber die Technische Erkundung bis hin zur Kampfmittelr\u00e4umung unterst\u00fctzen wir unsere Auftraggeber bei der Konzeption, Vergabe und Durchf\u00fchrung gewerblicher Kampfmittelr\u00e4umleistungen. Au\u00dferdem unterst\u00fctzen wir auch bei herausfordernden kampfmittelbezogenen Problemstellungen durch unsere fachgutachterliche Kompetenz.<\/p>\n\n\n\n<p class=\"has-albert-sans-font-family\">Unsere Leistungen erfolgen in enger Abstimmung mit Beh\u00f6rden, Sicherheitsorganen und Fachfirmen \u2013 fachlich fundiert, beh\u00f6rdenerprobt und sicherheitsorientiert.<\/p>\n\n\n\n<p class=\"has-secondary-color has-text-color has-link-color has-albert-sans-font-family wp-elements-b07107b165f2ec69f40d4261dfb117c8\" style=\"font-size:clamp(19.481px, 1.218rem + ((1vw - 3.2px) * 1.207), 31px);\">Unsere Leistungen im Detail<\/p>\n\n\n\n<ul class=\"wp-block-list\">\n<li class=\"has-albert-sans-font-family\">Individuelle Planung von Erkundungs- und R\u00e4umverfahren bei konventionellem und chemischem Kampfmittelverdacht<\/li>\n\n\n\n<li class=\"has-albert-sans-font-family\">Auswertung und Bewertung von Altunterlagen, Konzeptstudien und Vorplanungen<\/li>\n\n\n\n<li class=\"has-albert-sans-font-family\">Historisch-genetische Recherchen, inkl. Luftbildauswertungen<\/li>\n\n\n\n<li class=\"has-albert-sans-font-family\">Ableitung und Empfehlung von Ma\u00dfnahmen zum weiteren Vorgehen<\/li>\n\n\n\n<li class=\"has-albert-sans-font-family\">Gel\u00e4ndekartierungen und Vorerkundungen<\/li>\n\n\n\n<li class=\"has-albert-sans-font-family\">Konzeption, Auswertung und Bewertung technischer Erkundungen (gem\u00e4\u00df Phase B) zur Gefahrenerforschung<\/li>\n\n\n\n<li class=\"has-albert-sans-font-family\">Gef\u00e4hrdungsabsch\u00e4tzung f\u00fcr Verdachtsfl\u00e4chen im Ergebnis technischer Erkundung<\/li>\n\n\n\n<li class=\"has-albert-sans-font-family\">Entwicklung und Erstellung von R\u00e4umkonzepten, R\u00e4umplanungen sowie Ausf\u00fchrungs- und Genehmigungsplanungen (Phase C)<\/li>\n\n\n\n<li class=\"has-albert-sans-font-family\">Integration von Anforderungen des Arbeits- und Gesundheitsschutzes in die Planungsunterlagen<\/li>\n\n\n\n<li class=\"has-albert-sans-font-family\">Mitwirkung bei der Erstellung von Bauunterlagen (ES-Bau, EW-Bau)<\/li>\n\n\n\n<li class=\"has-albert-sans-font-family\">Vorbereitung und Mitwirkung bei der Vergabe:<br>&#8211; Erstellung der Verdingungsunterlagen<br>&#8211; Angebotspr\u00fcfung, -wertung und Vergabeempfehlung<br>&#8211; Mitwirkung bei Bieter- und Aufkl\u00e4rungsgespr\u00e4chen<\/li>\n\n\n\n<li class=\"has-albert-sans-font-family\">Fachgutachterliche Begleitung und Begutachtung von R\u00e4umma\u00dfnahmen (\u00d6B\u00dc)<\/li>\n<\/ul>\n<\/div>\n<\/div>\n<\/div>\n\n\n\n<div class=\"wp-block-group alignfull is-style-default has-global-padding is-content-justification-center is-layout-constrained wp-container-core-group-is-layout-03d2f028 wp-block-group-is-layout-constrained\" style=\"margin-top:0;margin-bottom:0;padding-top:var(--wp--preset--spacing--50);padding-bottom:var(--wp--preset--spacing--50)\">\n<div class=\"wp-block-group alignwide is-layout-flow wp-block-group-is-layout-flow\" style=\"margin-top:0;margin-bottom:0\">\n<div class=\"wp-block-group alignwide has-global-padding is-layout-constrained wp-container-core-group-is-layout-346627ba wp-block-group-is-layout-constrained\">\n<div class=\"wp-block-columns alignwide is-layout-flex wp-container-core-columns-is-layout-08c01c1c wp-block-columns-is-layout-flex\">\n<div class=\"wp-block-column is-layout-flow wp-block-column-is-layout-flow\" style=\"flex-basis:32.90938%\">\n<div class=\"wp-block-cover has-custom-content-position is-position-bottom-center has-base-color has-text-color has-link-color wp-elements-2575a4faf52a082cc5e339cd28e41b6a wp-container-content-9cfa9a5a\" style=\"border-radius:28px;padding-top:var(--wp--preset--spacing--60);padding-right:var(--wp--preset--spacing--60);padding-bottom:var(--wp--preset--spacing--60);padding-left:var(--wp--preset--spacing--60);min-height:387px;aspect-ratio:unset;\"><img decoding=\"async\" class=\"wp-block-cover__image-background wp-image-227 size-full\" alt=\"\" src=\"https:\/\/ifah85.wordpress.com\/wp-content\/uploads\/2025\/04\/img_0060-e1745921608125.jpg\" data-object-fit=\"cover\"\/><span aria-hidden=\"true\" class=\"wp-block-cover__background has-background-dim-0 has-background-dim has-background-gradient\" style=\"background-color:#46493c;background:linear-gradient(180deg,rgba(0,0,0,0) 0%,rgb(0,0,0) 76%)\"><\/span><div class=\"wp-block-cover__inner-container is-layout-flow wp-block-cover-is-layout-flow\">\n<div style=\"height:340px\" aria-hidden=\"true\" class=\"wp-block-spacer\"><\/div>\n<\/div><\/div>\n<\/div>\n\n\n\n<div class=\"wp-block-column is-layout-flow wp-container-core-column-is-layout-119bc444 wp-block-column-is-layout-flow\" style=\"flex-basis:67.09062%\">\n<div class=\"wp-block-group has-base-color has-primary-background-color has-text-color has-background has-link-color wp-elements-f870d568da84e90e255a2b077e38cf5b is-vertical is-layout-flex wp-container-core-group-is-layout-80882bac wp-block-group-is-layout-flex\" style=\"border-radius:28px;padding-top:var(--wp--preset--spacing--60);padding-right:var(--wp--preset--spacing--60);padding-bottom:var(--wp--preset--spacing--60);padding-left:var(--wp--preset--spacing--60)\">\n<h2 class=\"wp-block-heading has-mona-sans-font-family has-x-large-font-size\">Sie haben Fragen?<\/h2>\n\n\n\n<p class=\"has-mona-sans-font-family\">Unser Expertenteam steht Ihnen gerne beratend zur Seite.<br>\u00dcber unser Kontaktformular oder per Mail sowie telefonisch k\u00f6nnen Sie uns w\u00e4hrend unserer Gesch\u00e4ftszeiten erreichen.<\/p>\n\n\n\n<div class=\"wp-block-buttons is-layout-flex wp-block-buttons-is-layout-flex\">\n<div class=\"wp-block-button is-style-outline is-style-outline--4\"><a class=\"wp-block-button__link has-base-color has-text-color has-link-color has-border-color has-base-border-color has-mona-sans-font-family wp-element-button\" href=\"http:\/\/www.ifah.de\/#kontaktformular\" style=\"border-width:2px\">Kontakt aufnehmen<\/a><\/div>\n<\/div>\n<\/div>\n\n\n\n<div class=\"wp-block-columns is-layout-flex wp-container-core-columns-is-layout-08c01c1c wp-block-columns-is-layout-flex\">\n<div class=\"wp-block-column is-layout-flow wp-block-column-is-layout-flow\"><\/div>\n\n\n\n<div class=\"wp-block-column is-layout-flow wp-block-column-is-layout-flow\"><\/div>\n<\/div>\n<\/div>\n<\/div>\n<\/div>\n\n\n\n<div class=\"wp-block-group alignwide is-layout-flow wp-block-group-is-layout-flow\">\n<div style=\"height:20px\" aria-hidden=\"true\" class=\"wp-block-spacer\"><\/div>\n\n\n\n<hr class=\"wp-block-separator has-alpha-channel-opacity is-style-dots\"\/>\n\n\n\n<div class=\"wp-block-columns alignwide is-layout-flex wp-container-core-columns-is-layout-3971d7d7 wp-block-columns-is-layout-flex\">\n<div class=\"wp-block-column is-layout-flow wp-container-core-column-is-layout-8a368f38 wp-block-column-is-layout-flow\"><\/div>\n\n\n\n<div class=\"wp-block-column is-layout-flow wp-container-core-column-is-layout-8a368f38 wp-block-column-is-layout-flow\"><\/div>\n\n\n\n<div class=\"wp-block-column is-layout-flow wp-container-core-column-is-layout-8a368f38 wp-block-column-is-layout-flow\"><\/div>\n<\/div>\n<\/div>\n<\/div>\n<\/div>\n","protected":false},"excerpt":{"rendered":"<p>Kampfmittelr\u00e4umung Wir \u00fcbernehmen die fachplanerische und gutachterliche Begleitung und Bearbeitung aller Phasen der Kampfmittelr\u00e4umung gem\u00e4\u00df der Baufachlichen Richtlinien Kampfmittelr\u00e4umung (BFR KMR). Von der Historisch-genetischen Rekonstruktion \u00fcber die Technische Erkundung bis hin zur Kampfmittelr\u00e4umung unterst\u00fctzen wir unsere Auftraggeber bei der Konzeption, Vergabe und Durchf\u00fchrung gewerblicher Kampfmittelr\u00e4umleistungen. Au\u00dferdem unterst\u00fctzen wir auch bei herausfordernden kampfmittelbezogenen Problemstellungen durch unsere [&hellip;]<\/p>\n","protected":false},"author":2,"featured_media":0,"parent":0,"menu_order":0,"comment_status":"closed","ping_status":"closed","template":"","meta":{"footnotes":""},"class_list":["post-294","page","type-page","status-publish","hentry"],"_links":{"self":[{"href":"https:\/\/ifah.de\/index.php?rest_route=\/wp\/v2\/pages\/294","targetHints":{"allow":["GET"]}}],"collection":[{"href":"https:\/\/ifah.de\/index.php?rest_route=\/wp\/v2\/pages"}],"about":[{"href":"https:\/\/ifah.de\/index.php?rest_route=\/wp\/v2\/types\/page"}],"author":[{"embeddable":true,"href":"https:\/\/ifah.de\/index.php?rest_route=\/wp\/v2\/users\/2"}],"replies":[{"embeddable":true,"href":"https:\/\/ifah.de\/index.php?rest_route=%2Fwp%2Fv2%2Fcomments&post=294"}],"version-history":[{"count":2,"href":"https:\/\/ifah.de\/index.php?rest_route=\/wp\/v2\/pages\/294\/revisions"}],"predecessor-version":[{"id":505,"href":"https:\/\/ifah.de\/index.php?rest_route=\/wp\/v2\/pages\/294\/revisions\/505"}],"wp:attachment":[{"href":"https:\/\/ifah.de\/index.php?rest_route=%2Fwp%2Fv2%2Fmedia&parent=294"}],"curies":[{"name":"wp","href":"https:\/\/api.w.org\/{rel}","templated":true}]}}