{"id":296,"date":"2025-12-18T16:19:12","date_gmt":"2025-12-18T15:19:12","guid":{"rendered":"https:\/\/ifah85.wordpress.com\/?page_id=296"},"modified":"2026-02-18T08:34:40","modified_gmt":"2026-02-18T08:34:40","slug":"bauuberwachung-und-fachbauleitung","status":"publish","type":"page","link":"https:\/\/ifah.de\/?page_id=296","title":{"rendered":"Bau\u00fcberwachung und Fachbauleitung"},"content":{"rendered":"\n<div class=\"wp-block-group alignfull has-mona-sans-font-family has-global-padding is-content-justification-center is-layout-constrained wp-block-group-is-layout-constrained\" style=\"margin-top:0;margin-bottom:0;padding-top:var(--wp--preset--spacing--50);padding-bottom:var(--wp--preset--spacing--50)\">\n<div class=\"wp-block-columns alignwide is-layout-flex wp-container-core-columns-is-layout-28f84493 wp-block-columns-is-layout-flex\">\n<div class=\"wp-block-column is-vertically-aligned-center is-layout-flow wp-block-column-is-layout-flow\">\n<h2 class=\"wp-block-heading has-secondary-color has-text-color has-link-color has-albert-sans-font-family wp-elements-d8ed38298eaf87ca07622f0160f4f571\"><strong>Bau\u00fcberwachung und Fachbauleitung<\/strong><\/h2>\n\n\n\n<p class=\"is-contact-description has-albert-sans-font-family\">Vertrauen ist gut, Kontrolle ist besser \u2013 besonders bei komplexen Bauprojekten. Unter diesem Motto, erg\u00e4nzt um den Halbsatz \u201eauf Basis einer vertrauensvollen Zusammenarbeit aller Projektbeteiligten im Sinne der Sache\u201c, k\u00f6nnten aus unserer Sicht die T\u00e4tigkeiten der \u00f6rtlichen Bau\u00fcberwachung und der Fachbauleitung (i.S. einer \u201cFachbau\u00fcberwachung\u201d) zusammengefasst werden.<br>Bei der Bau\u00fcberwachung und Fachbauleitung sorgen wir mit fundierter Planungserfahrung und praxisnahem Know-how f\u00fcr eine reibungslose Umsetzung und begleiten Ihr Projekt stets mit Blick auf Qualit\u00e4t, Kosten und Termintreue.<\/p>\n\n\n\n<p class=\"has-secondary-color has-text-color has-link-color has-albert-sans-font-family wp-elements-8fcb6aa5b085f5270e6321660d56d8b5\" style=\"font-size:clamp(20px, 1.25rem + ((1vw - 3.2px) * 1.258), 32px);\">Kampfmittelr\u00e4umung<\/p>\n\n\n\n<p class=\"has-albert-sans-font-family\">Unsere Mitarbeiter mit Bef\u00e4higungsschein \u00a7 20 SprengG mit Fachkundenachweis f\u00fcr den Umgang mit Fundmunition zur Kampfmittelbeseitigung (\u201eFachkundige Munition\u201c) \u00fcbernehmen die Fachbauleitung bei Ingenieurleistungen in der Kampfmittelr\u00e4umung. Mit der Bestellung dieser Mitarbeiter im Unternehmen nach \u00a7 21 SprengG entsprechend \u00a7 19 Abs. 1 Nr. 3 SprengG sind wir bef\u00e4higt und befugt, entsprechende T\u00e4tigkeiten verantwortungsvoll zu beaufsichtigen und k\u00f6nnen Ihnen auch hier die erforderliche Fachkompetenz zur Seite stellen.<\/p>\n\n\n\n<div style=\"height:38px\" aria-hidden=\"true\" class=\"wp-block-spacer\"><\/div>\n\n\n\n<h2 class=\"wp-block-heading has-secondary-color has-text-color has-link-color has-albert-sans-font-family wp-elements-a46920c29ff802e1edc92d1a4573de59\"><strong>Arbeits- und Gesundheitsschutzkonzepte<\/strong><\/h2>\n\n\n\n<p class=\"is-contact-description has-albert-sans-font-family\">Bei Projekten mit besonderen Anforderungen an den Arbeits- und Gesundheitsschutz \u2013 etwa auf kontaminierten Fl\u00e4chen, in Kampfmittelverdachtsgebieten oder im Bergbauumfeld \u2013 \u00fcbernehmen wir die sicherheitstechnische Fachbegleitung im Rahmen der Bau\u00fcberwachung und Fachbauleitung. Unser Leistungsspektrum umfasst sowohl die Erstellung relevanter Sicherheitsunterlagen als auch die Koordination gesetzlich geforderter Schutzma\u00dfnahmen \u2013 stets angepasst an die jeweilige Gef\u00e4hrdungslage und in enger Abstimmung mit Beh\u00f6rden, Planern und ausf\u00fchrenden Unternehmen.<\/p>\n\n\n\n<div style=\"height:22px\" aria-hidden=\"true\" class=\"wp-block-spacer\"><\/div>\n\n\n\n<p class=\"has-albert-sans-font-family\" style=\"font-size:clamp(16.834px, 1.052rem + ((1vw - 3.2px) * 0.961), 26px);\"><strong>Unsere sicherheitsorientierten Leistungen im \u00dcberblick:<\/strong><\/p>\n\n\n\n<p class=\"has-secondary-color has-text-color has-link-color has-albert-sans-font-family wp-elements-a395acdcf72dbafcf436117a71c4f0e1\">Stellung einer Unternehmeraufsichtsperson nach Bundesberggesetz (BBergG)<\/p>\n\n\n\n<ul class=\"wp-block-list\">\n<li class=\"has-albert-sans-font-family\">Sicherheits- und Gesundheitsschutz-Plan gem\u00e4\u00df Baustellenverordnung (BaustellV)<\/li>\n\n\n\n<li class=\"has-albert-sans-font-family\">Sicherheit s- und Gesundheitsschutz-Dokument gem\u00e4\u00df Allgemeiner Bundesbergverordnung (ABBergV)<\/li>\n\n\n\n<li class=\"has-albert-sans-font-family\">Arbeits- und Sicherheitspl\u00e4ne gem\u00e4\u00df DGUV-Regel 101-004 \/ TRGS 524 (Arbeiten in kontaminierten Bereichen)<\/li>\n\n\n\n<li class=\"has-albert-sans-font-family\">Arbeits- und Sicherheitspl\u00e4ne gem\u00e4\u00df DGUV Information 201-027 (Kampfmittelr\u00e4umung)<\/li>\n<\/ul>\n\n\n\n<p class=\"has-secondary-color has-text-color has-link-color has-albert-sans-font-family wp-elements-08b2111996855f433dfdced9a31b1561\">Sicherheits- und Gesundheitsschutzkoordination nach BaustellV<\/p>\n\n\n\n<p class=\"has-secondary-color has-text-color has-link-color has-albert-sans-font-family wp-elements-a510401b7c509c5ef74123de86f06151\">Koordination von Schutzma\u00dfnahmen gem\u00e4\u00df DGUV-Regel 101-004 und TRGS 524 (\u201eArbeiten in kontaminierten Bereichen\u201c)<br><br>Arbeits- und Sicherheitskoordination im Rahmen von Kampfmittelr\u00e4umma\u00dfnahmen (gem. DGUV-I 201-027)<br><br>Stellung einer Unternehmeraufsichtsperson nach Bundesberggesetz (BBergG)<\/p>\n<\/div>\n<\/div>\n<\/div>\n","protected":false},"excerpt":{"rendered":"<p>Bau\u00fcberwachung und Fachbauleitung Vertrauen ist gut, Kontrolle ist besser \u2013 besonders bei komplexen Bauprojekten. Unter diesem Motto, erg\u00e4nzt um den Halbsatz \u201eauf Basis einer vertrauensvollen Zusammenarbeit aller Projektbeteiligten im Sinne der Sache\u201c, k\u00f6nnten aus unserer Sicht die T\u00e4tigkeiten der \u00f6rtlichen Bau\u00fcberwachung und der Fachbauleitung (i.S. einer \u201cFachbau\u00fcberwachung\u201d) zusammengefasst werden.Bei der Bau\u00fcberwachung und Fachbauleitung sorgen wir [&hellip;]<\/p>\n","protected":false},"author":2,"featured_media":0,"parent":0,"menu_order":0,"comment_status":"closed","ping_status":"closed","template":"","meta":{"footnotes":""},"class_list":["post-296","page","type-page","status-publish","hentry"],"_links":{"self":[{"href":"https:\/\/ifah.de\/index.php?rest_route=\/wp\/v2\/pages\/296","targetHints":{"allow":["GET"]}}],"collection":[{"href":"https:\/\/ifah.de\/index.php?rest_route=\/wp\/v2\/pages"}],"about":[{"href":"https:\/\/ifah.de\/index.php?rest_route=\/wp\/v2\/types\/page"}],"author":[{"embeddable":true,"href":"https:\/\/ifah.de\/index.php?rest_route=\/wp\/v2\/users\/2"}],"replies":[{"embeddable":true,"href":"https:\/\/ifah.de\/index.php?rest_route=%2Fwp%2Fv2%2Fcomments&post=296"}],"version-history":[{"count":2,"href":"https:\/\/ifah.de\/index.php?rest_route=\/wp\/v2\/pages\/296\/revisions"}],"predecessor-version":[{"id":500,"href":"https:\/\/ifah.de\/index.php?rest_route=\/wp\/v2\/pages\/296\/revisions\/500"}],"wp:attachment":[{"href":"https:\/\/ifah.de\/index.php?rest_route=%2Fwp%2Fv2%2Fmedia&parent=296"}],"curies":[{"name":"wp","href":"https:\/\/api.w.org\/{rel}","templated":true}]}}