{"id":416,"date":"2026-02-01T23:28:52","date_gmt":"2026-02-01T23:28:52","guid":{"rendered":"https:\/\/ifah.de\/?page_id=416"},"modified":"2026-02-10T14:53:38","modified_gmt":"2026-02-10T14:53:38","slug":"416-2","status":"publish","type":"page","link":"https:\/\/ifah.de\/","title":{"rendered":"Startseite"},"content":{"rendered":"\n<div class=\"wp-block-group alignfull has-global-padding is-content-justification-center is-layout-constrained wp-container-core-group-is-layout-438686ab wp-block-group-is-layout-constrained\" style=\"margin-top:0;margin-bottom:0;padding-top:var(--wp--preset--spacing--50);padding-bottom:var(--wp--preset--spacing--50)\">\n<div class=\"wp-block-group alignwide is-nowrap is-layout-flex wp-container-core-group-is-layout-6c531013 wp-block-group-is-layout-flex\">\n<figure class=\"wp-block-image size-large\"><img loading=\"lazy\" decoding=\"async\" width=\"1024\" height=\"979\" src=\"https:\/\/ifah.de\/wp-content\/uploads\/2026\/02\/IMG_9193-1024x979.jpeg\" alt=\"\" class=\"wp-image-419\" style=\"aspect-ratio:1;object-fit:cover\" srcset=\"https:\/\/ifah.de\/wp-content\/uploads\/2026\/02\/IMG_9193-1024x979.jpeg 1024w, https:\/\/ifah.de\/wp-content\/uploads\/2026\/02\/IMG_9193-300x287.jpeg 300w, https:\/\/ifah.de\/wp-content\/uploads\/2026\/02\/IMG_9193-768x734.jpeg 768w, https:\/\/ifah.de\/wp-content\/uploads\/2026\/02\/IMG_9193-1536x1468.jpeg 1536w, https:\/\/ifah.de\/wp-content\/uploads\/2026\/02\/IMG_9193.jpeg 1607w\" sizes=\"auto, (max-width: 1024px) 100vw, 1024px\" \/><\/figure>\n\n\n\n<figure class=\"wp-block-image size-large\"><img loading=\"lazy\" decoding=\"async\" width=\"1024\" height=\"768\" src=\"https:\/\/ifah.de\/wp-content\/uploads\/2025\/11\/626_loccum-sp2-messung_bawn-edited-1-1024x768.jpg\" alt=\"\" class=\"wp-image-253\" style=\"aspect-ratio:1;object-fit:cover\" srcset=\"https:\/\/ifah.de\/wp-content\/uploads\/2025\/11\/626_loccum-sp2-messung_bawn-edited-1-1024x768.jpg 1024w, https:\/\/ifah.de\/wp-content\/uploads\/2025\/11\/626_loccum-sp2-messung_bawn-edited-1-300x225.jpg 300w, https:\/\/ifah.de\/wp-content\/uploads\/2025\/11\/626_loccum-sp2-messung_bawn-edited-1-768x576.jpg 768w, https:\/\/ifah.de\/wp-content\/uploads\/2025\/11\/626_loccum-sp2-messung_bawn-edited-1-1536x1152.jpg 1536w, https:\/\/ifah.de\/wp-content\/uploads\/2025\/11\/626_loccum-sp2-messung_bawn-edited-1-2048x1536.jpg 2048w\" sizes=\"auto, (max-width: 1024px) 100vw, 1024px\" \/><\/figure>\n\n\n\n<figure class=\"wp-block-image size-large\"><img loading=\"lazy\" decoding=\"async\" width=\"1024\" height=\"766\" src=\"https:\/\/ifah.de\/wp-content\/uploads\/2026\/02\/IMG_20210902_094241_optimized-1024x766.jpg\" alt=\"\" class=\"wp-image-420\" style=\"aspect-ratio:1;object-fit:cover\" srcset=\"https:\/\/ifah.de\/wp-content\/uploads\/2026\/02\/IMG_20210902_094241_optimized-1024x766.jpg 1024w, https:\/\/ifah.de\/wp-content\/uploads\/2026\/02\/IMG_20210902_094241_optimized-300x224.jpg 300w, https:\/\/ifah.de\/wp-content\/uploads\/2026\/02\/IMG_20210902_094241_optimized-768x574.jpg 768w, https:\/\/ifah.de\/wp-content\/uploads\/2026\/02\/IMG_20210902_094241_optimized.jpg 1452w\" sizes=\"auto, (max-width: 1024px) 100vw, 1024px\" \/><\/figure>\n<\/div>\n\n\n\n<div style=\"height:41px\" aria-hidden=\"true\" class=\"wp-block-spacer\"><\/div>\n\n\n\n<h2 class=\"wp-block-heading has-text-align-center has-secondary-color has-text-color has-link-color has-alvarado-font-family wp-elements-f50930b4d765f4f57ecad2fbbf045558\"><strong>Ihre Vision, unser Know-how<\/strong>.<\/h2>\n\n\n\n<div class=\"wp-block-group alignwide has-global-padding is-layout-constrained wp-container-core-group-is-layout-ed92f1a2 wp-block-group-is-layout-constrained\">\n<p class=\"has-text-align-center has-albert-sans-font-family has-secondary-color has-text-color has-link-color wp-elements-f6e0fce60638ce7466a100770e6d9ae6\">Die IFAH GmbH ist ein deutschlandweit agierendes Unternehmen.&nbsp;<br>Wir besch\u00e4ftigen uns mit der ingenieurm\u00e4\u00dfigen Bearbeitung von Teil- und Gesamtaufgaben in den Bereichen der Kampfmittelr\u00e4umung und der Abfallwirtschaft sowie des Grundwasser- und Bodenschutzes einschlie\u00dflich der Sanierung, Baureifmachung bzw. Revitalisierung belasteter Standorte.<\/p>\n\n\n\n<p class=\"has-text-align-center has-albert-sans-font-family has-secondary-color has-text-color has-link-color wp-elements-8efd8a8a9322e24c3842565a6c0257b0\">Lassen Sie uns den Erfolg Ihrer Projekte<br>gemeinsam gestalten!<\/p>\n<\/div>\n\n\n\n<div style=\"height:37px\" aria-hidden=\"true\" class=\"wp-block-spacer\"><\/div>\n<\/div>\n\n\n\n<div class=\"wp-block-group alignfull is-style-default has-global-padding is-content-justification-center is-layout-constrained wp-container-core-group-is-layout-03d2f028 wp-block-group-is-layout-constrained\" style=\"margin-top:0;margin-bottom:0;padding-top:var(--wp--preset--spacing--50);padding-bottom:var(--wp--preset--spacing--50)\">\n<div class=\"wp-block-group alignwide is-layout-flow wp-block-group-is-layout-flow\" style=\"margin-top:0;margin-bottom:0\">\n<div class=\"wp-block-group alignfull has-global-padding is-layout-constrained wp-container-core-group-is-layout-82abba0f wp-block-group-is-layout-constrained\" style=\"margin-top:0;margin-bottom:0;padding-top:var(--wp--preset--spacing--40);padding-right:var(--wp--preset--spacing--50);padding-bottom:var(--wp--preset--spacing--40);padding-left:var(--wp--preset--spacing--50)\">\n<div class=\"wp-block-group alignwide has-global-padding is-layout-constrained wp-container-core-group-is-layout-346627ba wp-block-group-is-layout-constrained\">\n<div class=\"wp-block-columns alignwide is-layout-flex wp-container-core-columns-is-layout-08c01c1c wp-block-columns-is-layout-flex\">\n<div class=\"wp-block-column is-layout-flow wp-block-column-is-layout-flow\" style=\"flex-basis:32.90938%\">\n<div class=\"wp-block-group has-primary-background-color has-background is-vertical is-content-justification-left is-layout-flex wp-container-core-group-is-layout-7592c068 wp-block-group-is-layout-flex\" style=\"border-radius:0px;min-height:100%;padding-top:var(--wp--preset--spacing--50);padding-right:var(--wp--preset--spacing--50);padding-bottom:var(--wp--preset--spacing--50);padding-left:var(--wp--preset--spacing--50)\">\n<div style=\"height:2px\" aria-hidden=\"true\" class=\"wp-block-spacer wp-container-content-1abe4828\"><\/div>\n\n\n\n<h2 class=\"wp-block-heading has-text-align-left has-base-color has-text-color has-link-color has-albert-sans-font-family wp-elements-f2ccfb8627420514c4c6a290d0582156\" style=\"font-size:clamp(17.371px, 1.086rem + ((1vw - 3.2px) * 1.009), 27px);\"><strong>Deponiebau<\/strong><\/h2>\n\n\n\n<p class=\"has-base-color has-text-color has-link-color has-albert-sans-font-family has-small-font-size wp-elements-cb2a8ec5773bf15e9bf696985d926d31\">Wir planen und begleiten Deponie-Projekte mit Wir planen und begleiten Deponie-Projekte mit<\/p>\n\n\n\n<ul style=\"margin-top:0;margin-bottom:0;padding-top:0;padding-bottom:0\" class=\"wp-block-list has-base-color has-text-color has-link-color has-albert-sans-font-family has-small-font-size wp-elements-de92505191d0d8c1480ba0a1f219546d\">\n<li>technischer Planungen f\u00fcr Deponie-Neubau und -Erweiterung<\/li>\n\n\n\n<li>Beurteilung des biologischen Zustands<\/li>\n\n\n\n<li>Fachplanung, Durchf\u00fchrung und Begleitung von Nachsorgema\u00dfnahmen<\/li>\n<\/ul>\n\n\n\n<div class=\"wp-block-buttons is-layout-flex wp-block-buttons-is-layout-flex\">\n<div class=\"wp-block-button is-style-outline is-style-outline--1\"><a class=\"wp-block-button__link has-base-color has-text-color has-link-color has-border-color has-base-border-color has-albert-sans-font-family has-text-align-center wp-element-button\" href=\"https:\/\/ifah85.wordpress.com\/deponiebau-und-uberwachung\/\" style=\"border-width:2px\">Mehr erfahren<\/a><\/div>\n<\/div>\n<\/div>\n<\/div>\n\n\n\n<div class=\"wp-block-column is-layout-flow wp-container-core-column-is-layout-119bc444 wp-block-column-is-layout-flow\" style=\"flex-basis:67.09062%\">\n<div class=\"wp-block-columns is-layout-flex wp-container-core-columns-is-layout-08c01c1c wp-block-columns-is-layout-flex\">\n<div class=\"wp-block-column is-layout-flow wp-block-column-is-layout-flow\">\n<div class=\"wp-block-group has-tertiary-background-color has-background is-vertical is-content-justification-center is-layout-flex wp-container-core-group-is-layout-5fdc8232 wp-block-group-is-layout-flex\" style=\"border-radius:0px;min-height:100%;margin-top:0;margin-bottom:0;padding-top:0px;padding-right:var(--wp--preset--spacing--50);padding-bottom:0px;padding-left:var(--wp--preset--spacing--50)\">\n<div style=\"height:0px\" aria-hidden=\"true\" class=\"wp-block-spacer wp-container-content-9760934e\"><\/div>\n\n\n\n<h2 class=\"wp-block-heading has-secondary-color has-text-color has-link-color has-albert-sans-font-family wp-elements-b5d93dc0a249bce3cb29d5fe9228d837\" style=\"padding-top:var(--wp--preset--spacing--40);padding-bottom:var(--wp--preset--spacing--40);font-size:clamp(17.371px, 1.086rem + ((1vw - 3.2px) * 1.009), 27px);\"><strong>Altlastenbearbeitungen und R\u00fcckbau<\/strong><\/h2>\n\n\n\n<p class=\"has-secondary-color has-text-color has-link-color has-albert-sans-font-family has-small-font-size wp-elements-de08308bc784a1c8f4421bd5737dcba0\" style=\"margin-top:0;margin-bottom:0;padding-top:0px;padding-bottom:0px\">Verunreinigte B\u00f6den, schadstoffbelastete Fl\u00e4chen oder stillgelegte Anlagen \u2013 wir schaffen Platz f\u00fcr Neues, sicher und umweltgerecht. Von der Erkundung \u00fcber die Planung bis zur Umsetzung sorgen wir f\u00fcr eine fachgerechte Altlastensanierung und einen reibungslosen R\u00fcckbau. Verlassen Sie sich auf unsere Erfahrung f\u00fcr eine nachhaltige Zukunft!<\/p>\n\n\n\n<div class=\"wp-block-buttons is-content-justification-center is-layout-flex wp-container-core-buttons-is-layout-a89b3969 wp-block-buttons-is-layout-flex\">\n<div class=\"wp-block-button is-style-fill\"><a class=\"wp-block-button__link has-base-color has-primary-background-color has-text-color has-background has-link-color has-border-color has-base-border-color has-albert-sans-font-family wp-element-button\" href=\"https:\/\/ifah85.wordpress.com\/altlastenbearbeitung\/\" style=\"border-width:2px\">Mehr erfahren<\/a><\/div>\n<\/div>\n<\/div>\n<\/div>\n\n\n\n<div class=\"wp-block-column is-layout-flow wp-block-column-is-layout-flow\" style=\"padding-top:0;padding-bottom:0\">\n<div class=\"wp-block-group has-primary-color has-primary-background-color has-text-color has-background is-vertical is-content-justification-stretch is-layout-flex wp-container-core-group-is-layout-3d1632d6 wp-block-group-is-layout-flex\" style=\"border-radius:0px;min-height:36%;margin-bottom:0;padding-top:66px;padding-right:var(--wp--preset--spacing--40);padding-bottom:66px;padding-left:var(--wp--preset--spacing--40)\">\n<h2 class=\"wp-block-heading has-base-color has-text-color has-link-color has-albert-sans-font-family wp-elements-17c3f01dac2101d0aaa076042224712f\" style=\"border-top-left-radius:0px;border-top-right-radius:0px;border-bottom-left-radius:0px;border-bottom-right-radius:0px;margin-top:0;margin-bottom:0;padding-top:0px;padding-right:0;padding-bottom:0;font-size:clamp(1.198rem, 1.198rem + ((1vw - 0.2rem) * 1.177), 1.9rem);\"><strong>Kampfmittelr\u00e4umung<\/strong><\/h2>\n\n\n\n<p class=\"has-base-color has-text-color has-link-color has-albert-sans-font-family has-small-font-size wp-elements-fedce0a6509a33b44786ea4d306122fa\" style=\"padding-top:var(--wp--preset--spacing--40);padding-bottom:var(--wp--preset--spacing--40)\">Wir \u00fcbernehmen die vollumf\u00e4ngliche Bearbeitung der Ingenieurleistungen gem\u00e4\u00df dem Phasenschema der Baufachlichen Richtlinien Kampfmittelr\u00e4umung (BFR KMR).<br>Zudem bieten wir individuelle Planungen f\u00fcr Erkundungs- und R\u00e4umverfahren \u2013 pr\u00e4zise, sicher und auf Ihre Projektanforderungen zugeschnitten.<br><\/p>\n\n\n\n<div class=\"wp-block-buttons is-content-justification-center is-layout-flex wp-container-core-buttons-is-layout-a89b3969 wp-block-buttons-is-layout-flex\">\n<div class=\"wp-block-button is-style-outline is-style-outline--2\"><a class=\"wp-block-button__link has-base-color has-text-color has-link-color has-border-color has-base-border-color has-albert-sans-font-family wp-element-button\" href=\"https:\/\/ifah85.wordpress.com\/kampfmittelraumung\/\" style=\"border-width:2px\">Mehr erfahren<\/a><\/div>\n<\/div>\n<\/div>\n<\/div>\n<\/div>\n<\/div>\n<\/div>\n\n\n\n<div class=\"wp-block-columns alignwide is-layout-flex wp-container-core-columns-is-layout-08c01c1c wp-block-columns-is-layout-flex\">\n<div class=\"wp-block-column is-layout-flow wp-container-core-column-is-layout-119bc444 wp-block-column-is-layout-flow\" style=\"flex-basis:67.09062%\">\n<div class=\"wp-block-group has-primary-color has-tertiary-background-color has-text-color has-background is-vertical is-layout-flex wp-container-core-group-is-layout-d422e6a5 wp-block-group-is-layout-flex\" style=\"border-style:none;border-width:0px;border-radius:0px;min-height:100%;margin-top:0;padding-top:var(--wp--preset--spacing--50);padding-right:var(--wp--preset--spacing--60);padding-bottom:var(--wp--preset--spacing--50);padding-left:var(--wp--preset--spacing--60)\">\n<h2 class=\"wp-block-heading has-albert-sans-font-family has-x-large-font-size\"><strong>Ihr Weg zu uns<\/strong><\/h2>\n\n\n\n<p class=\"has-albert-sans-font-family\">Sie stecken bereits mitten in der Planung und suchen einen starken Partner, der Sie bei der Umsetzung unterst\u00fctzt?<br>Als Experte f\u00fcr Geowissenschaften und Hydrogeologie sind wir Ihr Ansprechpartner, wenn es komplex wird.<\/p>\n\n\n\n<div class=\"wp-block-buttons is-layout-flex wp-block-buttons-is-layout-flex\">\n<div class=\"wp-block-button\"><a class=\"wp-block-button__link has-albert-sans-font-family wp-element-button\" href=\"#Kontaktformular\">Kontakt aufnehmen<\/a><\/div>\n<\/div>\n<\/div>\n<\/div>\n\n\n\n<div class=\"wp-block-column is-layout-flow wp-block-column-is-layout-flow\" style=\"flex-basis:32.90938%\">\n<div class=\"wp-block-cover wp-container-content-9cfa9a5a\" style=\"border-radius:28px;min-height:100%;aspect-ratio:unset;\"><img decoding=\"async\" class=\"wp-block-cover__image-background wp-image-395 size-full\" alt=\"\" src=\"https:\/\/ifah85.wordpress.com\/wp-content\/uploads\/2024\/12\/download.jpg\" style=\"object-position:58% 33%\" data-object-fit=\"cover\" data-object-position=\"58% 33%\"\/><span aria-hidden=\"true\" class=\"wp-block-cover__background has-background-dim-0 has-background-dim\" style=\"background-color:#98736f\"><\/span><div class=\"wp-block-cover__inner-container is-layout-flow wp-block-cover-is-layout-flow\">\n<div style=\"height:214px\" aria-hidden=\"true\" class=\"wp-block-spacer\"><\/div>\n<\/div><\/div>\n<\/div>\n<\/div>\n<\/div>\n\n\n\n<div style=\"height:100px\" aria-hidden=\"true\" class=\"wp-block-spacer\"><\/div>\n<\/div>\n<\/div>\n\n\n\n<div class=\"wp-block-columns is-layout-flex wp-container-core-columns-is-layout-28f84493 wp-block-columns-is-layout-flex\">\n<div class=\"wp-block-column is-layout-flow wp-block-column-is-layout-flow\"><\/div>\n<\/div>\n<\/div>\n\n\n\n<div class=\"wp-block-columns alignfull are-vertically-aligned-top has-base-color has-primary-background-color has-text-color has-background has-link-color wp-elements-6d176fcc37f3839b74815490623d669e is-layout-flex wp-container-core-columns-is-layout-4bd44da7 wp-block-columns-is-layout-flex\" style=\"margin-top:0;margin-bottom:0;padding-top:0;padding-right:0;padding-bottom:0;padding-left:0\">\n<div class=\"wp-block-column is-vertically-aligned-top is-layout-flow wp-block-column-is-layout-flow\" style=\"padding-top:0;padding-right:0;padding-bottom:0;padding-left:0;flex-basis:50%\">\n<div class=\"wp-block-group has-global-padding is-layout-constrained wp-container-core-group-is-layout-167dd56c wp-block-group-is-layout-constrained\" style=\"padding-top:var(--wp--preset--spacing--50);padding-right:10%;padding-bottom:var(--wp--preset--spacing--50);padding-left:10%\">\n<div style=\"height:51px\" aria-hidden=\"true\" class=\"wp-block-spacer\"><\/div>\n\n\n\n<h2 class=\"wp-block-heading has-albert-sans-font-family has-xx-large-font-size\">Werden Sie Teil unseres Teams.<\/h2>\n\n\n\n<p class=\"has-albert-sans-font-family\">Sie sind auf der Suche nach einer neuen Herausforderung im Bereich Geowissenschaften und m\u00f6chten Teil des Teams werden? <br>Dann schauen Sie doch mal bei unserem Stellenprotal vorbei. Wir freuen wir uns auf Ihre Bewerbung!<\/p>\n\n\n\n<div class=\"wp-block-buttons is-layout-flex wp-block-buttons-is-layout-flex\">\n<div class=\"wp-block-button is-style-outline is-style-outline--3\"><a class=\"wp-block-button__link has-base-color has-text-color has-link-color has-border-color has-base-border-color has-albert-sans-font-family wp-element-button\" href=\"https:\/\/ifah85.wordpress.com\/karriere\/\" style=\"border-width:2px\">Stellenportal<\/a><\/div>\n<\/div>\n<\/div>\n<\/div>\n\n\n\n<div class=\"wp-block-column is-vertically-aligned-top is-layout-flow wp-block-column-is-layout-flow\" style=\"flex-basis:50%\">\n<figure class=\"wp-block-image size-full is-style-default\" style=\"margin-top:0;margin-bottom:0\"><img decoding=\"async\" src=\"https:\/\/ifah85.wordpress.com\/wp-content\/uploads\/2024\/12\/image1.jpeg\" alt=\"\" class=\"wp-image-397\" style=\"aspect-ratio:4\/3;object-fit:cover\"\/><\/figure>\n<\/div>\n<\/div>\n\n\n\n<div class=\"wp-block-columns alignfull are-vertically-aligned-top has-base-color has-text-color has-background has-link-color wp-elements-5649c45cb65068a7b03dde521fc7c3ef is-layout-flex wp-container-core-columns-is-layout-4bd44da7 wp-block-columns-is-layout-flex\" style=\"background-color:#020048;margin-top:0;margin-bottom:0;padding-top:0;padding-right:0;padding-bottom:0;padding-left:0\">\n<div class=\"wp-block-column is-vertically-aligned-top is-layout-flow wp-block-column-is-layout-flow\" style=\"flex-basis:50%\">\n<figure class=\"wp-block-image size-full\"><img decoding=\"async\" src=\"https:\/\/ifah85.wordpress.com\/wp-content\/uploads\/2025\/04\/img_0087.jpg\" alt=\"\" class=\"wp-image-223\"\/><\/figure>\n<\/div>\n\n\n\n<div class=\"wp-block-column is-vertically-aligned-top is-layout-flow wp-block-column-is-layout-flow\" style=\"padding-top:0;padding-right:0;padding-bottom:0;padding-left:0;flex-basis:50%\">\n<div class=\"wp-block-group has-global-padding is-layout-constrained wp-container-core-group-is-layout-e030454c wp-block-group-is-layout-constrained\" style=\"padding-top:var(--wp--preset--spacing--60);padding-right:10%;padding-bottom:var(--wp--preset--spacing--60);padding-left:10%\">\n<div style=\"height:44px\" aria-hidden=\"true\" class=\"wp-block-spacer\"><\/div>\n\n\n\n<h2 class=\"wp-block-heading has-albert-sans-font-family has-xx-large-font-size\">Fast <strong>40 Jahre <\/strong><br>Expertise trifft auf Innovation<\/h2>\n\n\n\n<p class=\"has-albert-sans-font-family\">Die IFAH wurde im Jahr 1987 gegr\u00fcndet. Was einst als kleines Ingenieurb\u00fcro begann, ist heute ein erfahrenes Team aus Fachleuten, das sein Wissen mit viel Herzblut einsetzt \u2013 f\u00fcr sichere L\u00f6sungen und nachhaltige Ergebnisse.<\/p>\n\n\n\n<div class=\"wp-block-buttons is-layout-flex wp-block-buttons-is-layout-flex\">\n<div class=\"wp-block-button is-style-outline is-style-outline--4\"><a class=\"wp-block-button__link has-base-color has-text-color has-link-color has-border-color has-base-border-color has-albert-sans-font-family wp-element-button\" href=\"https:\/\/ifah85.wordpress.com\/uber-uns\/\" style=\"border-width:2px\">\u00dcber uns<\/a><\/div>\n<\/div>\n<\/div>\n<\/div>\n<\/div>\n","protected":false},"excerpt":{"rendered":"<p>Ihre Vision, unser Know-how. Die IFAH GmbH ist ein deutschlandweit agierendes Unternehmen.&nbsp;Wir besch\u00e4ftigen uns mit der ingenieurm\u00e4\u00dfigen Bearbeitung von Teil- und Gesamtaufgaben in den Bereichen der Kampfmittelr\u00e4umung und der Abfallwirtschaft sowie des Grundwasser- und Bodenschutzes einschlie\u00dflich der Sanierung, Baureifmachung bzw. Revitalisierung belasteter Standorte. Lassen Sie uns den Erfolg Ihrer Projektegemeinsam gestalten! Deponiebau Wir planen und [&hellip;]<\/p>\n","protected":false},"author":2,"featured_media":0,"parent":0,"menu_order":0,"comment_status":"closed","ping_status":"closed","template":"","meta":{"footnotes":""},"class_list":["post-416","page","type-page","status-publish","hentry"],"_links":{"self":[{"href":"https:\/\/ifah.de\/index.php?rest_route=\/wp\/v2\/pages\/416","targetHints":{"allow":["GET"]}}],"collection":[{"href":"https:\/\/ifah.de\/index.php?rest_route=\/wp\/v2\/pages"}],"about":[{"href":"https:\/\/ifah.de\/index.php?rest_route=\/wp\/v2\/types\/page"}],"author":[{"embeddable":true,"href":"https:\/\/ifah.de\/index.php?rest_route=\/wp\/v2\/users\/2"}],"replies":[{"embeddable":true,"href":"https:\/\/ifah.de\/index.php?rest_route=%2Fwp%2Fv2%2Fcomments&post=416"}],"version-history":[{"count":8,"href":"https:\/\/ifah.de\/index.php?rest_route=\/wp\/v2\/pages\/416\/revisions"}],"predecessor-version":[{"id":468,"href":"https:\/\/ifah.de\/index.php?rest_route=\/wp\/v2\/pages\/416\/revisions\/468"}],"wp:attachment":[{"href":"https:\/\/ifah.de\/index.php?rest_route=%2Fwp%2Fv2%2Fmedia&parent=416"}],"curies":[{"name":"wp","href":"https:\/\/api.w.org\/{rel}","templated":true}]}}